{"id":331,"date":"2024-12-05T18:27:22","date_gmt":"2024-12-05T17:27:22","guid":{"rendered":"https:\/\/thevillasarchitect.com\/?page_id=331"},"modified":"2026-03-09T15:14:03","modified_gmt":"2026-03-09T14:14:03","slug":"contacto","status":"publish","type":"page","link":"https:\/\/thevillasarchitect.com\/es\/contacto\/","title":{"rendered":"Contacto"},"content":{"rendered":"\t\t<div data-elementor-type=\"wp-page\" data-elementor-id=\"331\" class=\"elementor elementor-331\" data-elementor-post-type=\"page\">\n\t\t\t\t<div class=\"elementor-element elementor-element-3a57bff e-flex e-con-boxed e-con e-parent\" data-id=\"3a57bff\" data-element_type=\"container\" data-e-type=\"container\" data-settings=\"{&quot;background_background&quot;:&quot;classic&quot;}\">\n\t\t\t\t\t<div class=\"e-con-inner\">\n\t\t<div class=\"elementor-element elementor-element-d3e35d2 e-con-full e-flex e-con e-child\" data-id=\"d3e35d2\" data-element_type=\"container\" data-e-type=\"container\">\n\t\t\t\t<div class=\"elementor-element elementor-element-6d7ffff de_scroll_animation_no elementor-widget elementor-widget-heading\" data-id=\"6d7ffff\" data-element_type=\"widget\" data-e-type=\"widget\" data-widget_type=\"heading.default\">\n\t\t\t\t<div class=\"elementor-widget-container\">\n\t\t\t\t\t<h1 class=\"elementor-heading-title elementor-size-default\">Necesito saber algo m\u00e1s de ti<\/h1>\t\t\t\t<\/div>\n\t\t\t\t<\/div>\n\t\t\t\t<div class=\"elementor-element elementor-element-fd98e08 de_scroll_animation_no elementor-widget elementor-widget-text-editor\" data-id=\"fd98e08\" data-element_type=\"widget\" data-e-type=\"widget\" data-settings=\"{&quot;_animation&quot;:&quot;none&quot;,&quot;_animation_delay&quot;:400}\" data-widget_type=\"text-editor.default\">\n\t\t\t\t<div class=\"elementor-widget-container\">\n\t\t\t\t\t\t\t\t\t<p>Para poderte dar un mejor servicio y entender mejor tus necesidades necesito que me respondas a unas cuantas preguntas.<\/p><p>Una vez rellenes este formulario, recibir\u00e1s respuesta m\u00eda y ver\u00e9 si puedo ayudarte.<\/p>\t\t\t\t\t\t\t\t<\/div>\n\t\t\t\t<\/div>\n\t\t\t\t<div class=\"elementor-element elementor-element-9792d00 elementor-icon-list--layout-inline elementor-list-item-link-full_width de_scroll_animation_no elementor-widget elementor-widget-icon-list\" data-id=\"9792d00\" data-element_type=\"widget\" data-e-type=\"widget\" data-widget_type=\"icon-list.default\">\n\t\t\t\t<div class=\"elementor-widget-container\">\n\t\t\t\t\t\t\t<ul class=\"elementor-icon-list-items elementor-inline-items\">\n\t\t\t\t\t\t\t<li class=\"elementor-icon-list-item elementor-inline-item\">\n\t\t\t\t\t\t\t\t\t\t\t<a href=\"#\">\n\n\t\t\t\t\t\t\t\t\t\t\t<span class=\"elementor-icon-list-text\"><b>Estudio:<\/b> Av. Andaluc\u00eda, 42, 29680 Estepona, M\u00e1laga<\/span>\n\t\t\t\t\t\t\t\t\t\t\t<\/a>\n\t\t\t\t\t\t\t\t\t<\/li>\n\t\t\t\t\t\t<\/ul>\n\t\t\t\t\t\t<\/div>\n\t\t\t\t<\/div>\n\t\t\t\t<\/div>\n\t\t<div class=\"elementor-element elementor-element-f1e1a98 e-con-full e-flex e-con e-child\" data-id=\"f1e1a98\" data-element_type=\"container\" data-e-type=\"container\">\n\t\t\t\t<div class=\"elementor-element elementor-element-211d2ae de_scroll_animation_no elementor-widget elementor-widget-shortcode\" data-id=\"211d2ae\" data-element_type=\"widget\" data-e-type=\"widget\" data-widget_type=\"shortcode.default\">\n\t\t\t\t<div class=\"elementor-widget-container\">\n\t\t\t\t\t\t\t<div class=\"elementor-shortcode\">\n<div class=\"wpcf7 no-js\" id=\"wpcf7-f412-o1\" lang=\"es-ES\" dir=\"ltr\" data-wpcf7-id=\"412\">\n<div class=\"screen-reader-response\"><p role=\"status\" aria-live=\"polite\" aria-atomic=\"true\"><\/p> <ul><\/ul><\/div>\n<form action=\"\/es\/wp-json\/wp\/v2\/pages\/331#wpcf7-f412-o1\" method=\"post\" class=\"wpcf7-form init\" aria-label=\"Formulario de contacto\" novalidate=\"novalidate\" data-status=\"init\">\n<fieldset class=\"hidden-fields-container\"><input type=\"hidden\" name=\"_wpcf7\" value=\"412\" \/><input type=\"hidden\" name=\"_wpcf7_version\" value=\"6.1.5\" \/><input type=\"hidden\" name=\"_wpcf7_locale\" value=\"es_ES\" \/><input type=\"hidden\" name=\"_wpcf7_unit_tag\" value=\"wpcf7-f412-o1\" \/><input type=\"hidden\" name=\"_wpcf7_container_post\" value=\"0\" \/><input type=\"hidden\" name=\"_wpcf7_posted_data_hash\" value=\"\" \/>\n<\/fieldset>\n<label> \n    <span class=\"wpcf7-form-control-wrap\" data-name=\"your-name\"><input size=\"40\" maxlength=\"400\" class=\"wpcf7-form-control wpcf7-text wpcf7-validates-as-required\" autocomplete=\"name\" aria-required=\"true\" aria-invalid=\"false\" placeholder=\"Nombre\" value=\"\" type=\"text\" name=\"your-name\" \/><\/span> <\/label>\n\n<label>\n    <span class=\"wpcf7-form-control-wrap\" data-name=\"your-phone\"><input size=\"40\" maxlength=\"400\" class=\"wpcf7-form-control wpcf7-tel wpcf7-validates-as-required wpcf7-text wpcf7-validates-as-tel\" autocomplete=\"phone\" aria-required=\"true\" aria-invalid=\"false\" placeholder=\"Tel\u00e9fono\" value=\"\" type=\"tel\" name=\"your-phone\" \/><\/span> <\/label>\n\n<label> \n    <span class=\"wpcf7-form-control-wrap\" data-name=\"your-email\"><input size=\"40\" maxlength=\"400\" class=\"wpcf7-form-control wpcf7-email wpcf7-validates-as-required wpcf7-text wpcf7-validates-as-email\" autocomplete=\"email\" aria-required=\"true\" aria-invalid=\"false\" placeholder=\"Email\" value=\"\" type=\"email\" name=\"your-email\" \/><\/span> <\/label>\n\n\n<label> \u00bfCu\u00e1l es ese proyecto que motiva esta consulta? <span class=\"sub\">Ej.: Reformar tu casa, una vivienda nueva, un certificado t\u00e9cnico... Cu\u00e9ntame que tienes en la cabeza.<\/span>\n    <span class=\"wpcf7-form-control-wrap\" data-name=\"Proyecto\"><input size=\"40\" maxlength=\"400\" class=\"wpcf7-form-control wpcf7-text\" aria-invalid=\"false\" value=\"\" type=\"text\" name=\"Proyecto\" \/><\/span> <\/label>\n\n<label> \u00bfQu\u00e9 presupuesto tienes para ese proyecto? <span class=\"sub\">Incluyendo todos los gastos: obra, honorarios de t\u00e9cnicos, licencias...<\/span> <\/label>\n    <span class=\"wpcf7-form-control-wrap\" data-name=\"select-464\"><select class=\"wpcf7-form-control wpcf7-select\" aria-invalid=\"false\" name=\"select-464\"><option value=\"Menos de 100.000 \u20ac\">Menos de 100.000 \u20ac<\/option><option value=\"Entre 100.000 \u20ac y 300.000 \u20ac\">Entre 100.000 \u20ac y 300.000 \u20ac<\/option><option value=\"Entre 300.000 \u20ac y 750.000 \u20ac\">Entre 300.000 \u20ac y 750.000 \u20ac<\/option><option value=\"Entre 750.000 \u20ac y 1.000.000 \u20ac\">Entre 750.000 \u20ac y 1.000.000 \u20ac<\/option><option value=\"M\u00e1s de 1.000.000 \u20ac\">M\u00e1s de 1.000.000 \u20ac<\/option><option value=\"Otra cantidad\">Otra cantidad<\/option><\/select><\/span>\n\n<label> \u00bfCu\u00e1ndo tienes idea de ponerte en marcha con este proyecto?\n    <span class=\"wpcf7-form-control-wrap\" data-name=\"Fecha\"><input size=\"40\" maxlength=\"400\" class=\"wpcf7-form-control wpcf7-text\" aria-invalid=\"false\" value=\"\" type=\"text\" name=\"Fecha\" \/><\/span> <\/label>\n\n<label> \u00bfHay algo m\u00e1s que quieras contarme?  <span class=\"wpcf7-form-control-wrap\" data-name=\"your-message\"><textarea cols=\"40\" rows=\"10\" maxlength=\"2000\" class=\"wpcf7-form-control wpcf7-textarea\" aria-invalid=\"false\" placeholder=\"Cu\u00e9ntame tu proyecto...\" name=\"your-message\"><\/textarea><\/span> <\/label>\n\n<span class=\"wpcf7-form-control-wrap\" data-name=\"acceptance-423\"><span class=\"wpcf7-form-control wpcf7-acceptance optional\"><span class=\"wpcf7-list-item\"><label><input type=\"checkbox\" name=\"acceptance-423\" value=\"1\" aria-invalid=\"false\" \/><span class=\"wpcf7-list-item-label\">He le\u00eddo y acepto la <a href=\"https:\/\/thevillasarchitect.com\/politica-de-privacidad\/\" target=\"_blank\">Pol\u00edtica de Privacidad<\/a><\/span><\/label><\/span><\/span><\/span>\n\n<input class=\"wpcf7-form-control wpcf7-submit has-spinner\" type=\"submit\" value=\"Enviar\" \/><div class=\"wpcf7-response-output\" aria-hidden=\"true\"><\/div>\n<\/form>\n<\/div>\n<\/div>\n\t\t\t\t\t\t<\/div>\n\t\t\t\t<\/div>\n\t\t\t\t<\/div>\n\t\t\t\t\t<\/div>\n\t\t\t\t<\/div>\n\t\t\t\t<\/div>\n\t\t","protected":false},"excerpt":{"rendered":"<p>Necesito saber algo m\u00e1s de ti Para poderte dar un mejor servicio y entender mejor tus necesidades necesito que me respondas a unas cuantas preguntas. Una vez rellenes este formulario, recibir\u00e1s respuesta m\u00eda y ver\u00e9 si puedo ayudarte. Estudio: Av. Andaluc\u00eda, 42, 29680 Estepona, M\u00e1laga<\/p>\n","protected":false},"author":1,"featured_media":0,"parent":0,"menu_order":0,"comment_status":"closed","ping_status":"closed","template":"elementor_header_footer","meta":{"footnotes":""},"class_list":["post-331","page","type-page","status-publish"],"yoast_head":"<!-- This site is optimized with the Yoast SEO plugin v27.5 - https:\/\/yoast.com\/product\/yoast-seo-wordpress\/ -->\n<title>Habla Conmigo | The Villas Architect<\/title>\n<meta name=\"description\" content=\"Contacta conmigo para dise\u00f1ar tu villa personalizada en la Costa del Sol. Hablemos sobre c\u00f3mo crear el espacio ideal para tu vida.\" \/>\n<meta name=\"robots\" content=\"index, follow, max-snippet:-1, max-image-preview:large, max-video-preview:-1\" \/>\n<link rel=\"canonical\" href=\"https:\/\/thevillasarchitect.com\/es\/contacto\/\" \/>\n<meta property=\"og:locale\" content=\"es_ES\" \/>\n<meta property=\"og:type\" content=\"article\" \/>\n<meta property=\"og:title\" content=\"Habla Conmigo | The Villas Architect\" \/>\n<meta property=\"og:description\" content=\"Contacta conmigo para dise\u00f1ar tu villa personalizada en la Costa del Sol. Hablemos sobre c\u00f3mo crear el espacio ideal para tu vida.\" \/>\n<meta property=\"og:url\" content=\"https:\/\/thevillasarchitect.com\/es\/contacto\/\" \/>\n<meta property=\"og:site_name\" content=\"Villas\" \/>\n<meta property=\"article:modified_time\" content=\"2026-03-09T14:14:03+00:00\" \/>\n<meta property=\"og:image\" content=\"https:\/\/thevillasarchitect.com\/wp-content\/uploads\/2024\/12\/villa-torrejon-arquitecto-sotogrande.jpg\" \/>\n\t<meta property=\"og:image:width\" content=\"1024\" \/>\n\t<meta property=\"og:image:height\" content=\"641\" \/>\n\t<meta property=\"og:image:type\" content=\"image\/jpeg\" \/>\n<meta name=\"twitter:card\" content=\"summary_large_image\" \/>\n<meta name=\"twitter:label1\" content=\"Tiempo de lectura\" \/>\n\t<meta name=\"twitter:data1\" content=\"1 minuto\" \/>\n<script type=\"application\/ld+json\" class=\"yoast-schema-graph\">{\"@context\":\"https:\\\/\\\/schema.org\",\"@graph\":[{\"@type\":\"WebPage\",\"@id\":\"https:\\\/\\\/thevillasarchitect.com\\\/es\\\/contacto\\\/\",\"url\":\"https:\\\/\\\/thevillasarchitect.com\\\/es\\\/contacto\\\/\",\"name\":\"Habla Conmigo | The Villas Architect\",\"isPartOf\":{\"@id\":\"https:\\\/\\\/thevillasarchitect.com\\\/es\\\/#website\"},\"datePublished\":\"2024-12-05T17:27:22+00:00\",\"dateModified\":\"2026-03-09T14:14:03+00:00\",\"description\":\"Contacta conmigo para dise\u00f1ar tu villa personalizada en la Costa del Sol. Hablemos sobre c\u00f3mo crear el espacio ideal para tu vida.\",\"breadcrumb\":{\"@id\":\"https:\\\/\\\/thevillasarchitect.com\\\/es\\\/contacto\\\/#breadcrumb\"},\"inLanguage\":\"es\",\"potentialAction\":[{\"@type\":\"ReadAction\",\"target\":[\"https:\\\/\\\/thevillasarchitect.com\\\/es\\\/contacto\\\/\"]}]},{\"@type\":\"BreadcrumbList\",\"@id\":\"https:\\\/\\\/thevillasarchitect.com\\\/es\\\/contacto\\\/#breadcrumb\",\"itemListElement\":[{\"@type\":\"ListItem\",\"position\":1,\"name\":\"Portada\",\"item\":\"https:\\\/\\\/thevillasarchitect.com\\\/es\\\/\"},{\"@type\":\"ListItem\",\"position\":2,\"name\":\"Contacto\"}]},{\"@type\":\"WebSite\",\"@id\":\"https:\\\/\\\/thevillasarchitect.com\\\/es\\\/#website\",\"url\":\"https:\\\/\\\/thevillasarchitect.com\\\/es\\\/\",\"name\":\"The Villas Architect\",\"description\":\"The Villas Architect - Arquitecto en la Costa del Sol\",\"publisher\":{\"@id\":\"https:\\\/\\\/thevillasarchitect.com\\\/es\\\/#organization\"},\"alternateName\":\"The Villas Architect\",\"potentialAction\":[{\"@type\":\"SearchAction\",\"target\":{\"@type\":\"EntryPoint\",\"urlTemplate\":\"https:\\\/\\\/thevillasarchitect.com\\\/es\\\/?s={search_term_string}\"},\"query-input\":{\"@type\":\"PropertyValueSpecification\",\"valueRequired\":true,\"valueName\":\"search_term_string\"}}],\"inLanguage\":\"es\"},{\"@type\":\"Organization\",\"@id\":\"https:\\\/\\\/thevillasarchitect.com\\\/es\\\/#organization\",\"name\":\"The Villas Architect\",\"alternateName\":\"The Villas Architect - Arquitecto en la Costa del Sol\",\"url\":\"https:\\\/\\\/thevillasarchitect.com\\\/es\\\/\",\"logo\":{\"@type\":\"ImageObject\",\"inLanguage\":\"es\",\"@id\":\"https:\\\/\\\/thevillasarchitect.com\\\/es\\\/#\\\/schema\\\/logo\\\/image\\\/\",\"url\":\"https:\\\/\\\/thevillasarchitect.com\\\/wp-content\\\/uploads\\\/2024\\\/11\\\/villas-arhictect-malaga.webp\",\"contentUrl\":\"https:\\\/\\\/thevillasarchitect.com\\\/wp-content\\\/uploads\\\/2024\\\/11\\\/villas-arhictect-malaga.webp\",\"width\":1000,\"height\":185,\"caption\":\"The Villas Architect\"},\"image\":{\"@id\":\"https:\\\/\\\/thevillasarchitect.com\\\/es\\\/#\\\/schema\\\/logo\\\/image\\\/\"}}]}<\/script>\n<!-- \/ Yoast SEO plugin. -->","yoast_head_json":{"title":"Habla Conmigo | The Villas Architect","description":"Contacta conmigo para dise\u00f1ar tu villa personalizada en la Costa del Sol. Hablemos sobre c\u00f3mo crear el espacio ideal para tu vida.","robots":{"index":"index","follow":"follow","max-snippet":"max-snippet:-1","max-image-preview":"max-image-preview:large","max-video-preview":"max-video-preview:-1"},"canonical":"https:\/\/thevillasarchitect.com\/es\/contacto\/","og_locale":"es_ES","og_type":"article","og_title":"Habla Conmigo | The Villas Architect","og_description":"Contacta conmigo para dise\u00f1ar tu villa personalizada en la Costa del Sol. Hablemos sobre c\u00f3mo crear el espacio ideal para tu vida.","og_url":"https:\/\/thevillasarchitect.com\/es\/contacto\/","og_site_name":"Villas","article_modified_time":"2026-03-09T14:14:03+00:00","og_image":[{"width":1024,"height":641,"url":"https:\/\/thevillasarchitect.com\/wp-content\/uploads\/2024\/12\/villa-torrejon-arquitecto-sotogrande.jpg","type":"image\/jpeg"}],"twitter_card":"summary_large_image","twitter_misc":{"Tiempo de lectura":"1 minuto"},"schema":{"@context":"https:\/\/schema.org","@graph":[{"@type":"WebPage","@id":"https:\/\/thevillasarchitect.com\/es\/contacto\/","url":"https:\/\/thevillasarchitect.com\/es\/contacto\/","name":"Habla Conmigo | The Villas Architect","isPartOf":{"@id":"https:\/\/thevillasarchitect.com\/es\/#website"},"datePublished":"2024-12-05T17:27:22+00:00","dateModified":"2026-03-09T14:14:03+00:00","description":"Contacta conmigo para dise\u00f1ar tu villa personalizada en la Costa del Sol. Hablemos sobre c\u00f3mo crear el espacio ideal para tu vida.","breadcrumb":{"@id":"https:\/\/thevillasarchitect.com\/es\/contacto\/#breadcrumb"},"inLanguage":"es","potentialAction":[{"@type":"ReadAction","target":["https:\/\/thevillasarchitect.com\/es\/contacto\/"]}]},{"@type":"BreadcrumbList","@id":"https:\/\/thevillasarchitect.com\/es\/contacto\/#breadcrumb","itemListElement":[{"@type":"ListItem","position":1,"name":"Portada","item":"https:\/\/thevillasarchitect.com\/es\/"},{"@type":"ListItem","position":2,"name":"Contacto"}]},{"@type":"WebSite","@id":"https:\/\/thevillasarchitect.com\/es\/#website","url":"https:\/\/thevillasarchitect.com\/es\/","name":"The Villas Architect","description":"The Villas Architect - Arquitecto en la Costa del Sol","publisher":{"@id":"https:\/\/thevillasarchitect.com\/es\/#organization"},"alternateName":"The Villas Architect","potentialAction":[{"@type":"SearchAction","target":{"@type":"EntryPoint","urlTemplate":"https:\/\/thevillasarchitect.com\/es\/?s={search_term_string}"},"query-input":{"@type":"PropertyValueSpecification","valueRequired":true,"valueName":"search_term_string"}}],"inLanguage":"es"},{"@type":"Organization","@id":"https:\/\/thevillasarchitect.com\/es\/#organization","name":"The Villas Architect","alternateName":"The Villas Architect - Arquitecto en la Costa del Sol","url":"https:\/\/thevillasarchitect.com\/es\/","logo":{"@type":"ImageObject","inLanguage":"es","@id":"https:\/\/thevillasarchitect.com\/es\/#\/schema\/logo\/image\/","url":"https:\/\/thevillasarchitect.com\/wp-content\/uploads\/2024\/11\/villas-arhictect-malaga.webp","contentUrl":"https:\/\/thevillasarchitect.com\/wp-content\/uploads\/2024\/11\/villas-arhictect-malaga.webp","width":1000,"height":185,"caption":"The Villas Architect"},"image":{"@id":"https:\/\/thevillasarchitect.com\/es\/#\/schema\/logo\/image\/"}}]}},"_links":{"self":[{"href":"https:\/\/thevillasarchitect.com\/es\/wp-json\/wp\/v2\/pages\/331","targetHints":{"allow":["GET"]}}],"collection":[{"href":"https:\/\/thevillasarchitect.com\/es\/wp-json\/wp\/v2\/pages"}],"about":[{"href":"https:\/\/thevillasarchitect.com\/es\/wp-json\/wp\/v2\/types\/page"}],"author":[{"embeddable":true,"href":"https:\/\/thevillasarchitect.com\/es\/wp-json\/wp\/v2\/users\/1"}],"replies":[{"embeddable":true,"href":"https:\/\/thevillasarchitect.com\/es\/wp-json\/wp\/v2\/comments?post=331"}],"version-history":[{"count":43,"href":"https:\/\/thevillasarchitect.com\/es\/wp-json\/wp\/v2\/pages\/331\/revisions"}],"predecessor-version":[{"id":1575,"href":"https:\/\/thevillasarchitect.com\/es\/wp-json\/wp\/v2\/pages\/331\/revisions\/1575"}],"wp:attachment":[{"href":"https:\/\/thevillasarchitect.com\/es\/wp-json\/wp\/v2\/media?parent=331"}],"curies":[{"name":"wp","href":"https:\/\/api.w.org\/{rel}","templated":true}]}}