{"id":369,"date":"2024-12-05T18:35:20","date_gmt":"2024-12-05T17:35:20","guid":{"rendered":"https:\/\/thevillasarchitect.com\/?page_id=369"},"modified":"2024-12-23T10:05:45","modified_gmt":"2024-12-23T09:05:45","slug":"sobre-mi","status":"publish","type":"page","link":"https:\/\/thevillasarchitect.com\/es\/sobre-mi\/","title":{"rendered":"Sobre mi"},"content":{"rendered":"\t\t<div data-elementor-type=\"wp-page\" data-elementor-id=\"369\" class=\"elementor elementor-369\" data-elementor-post-type=\"page\">\n\t\t\t\t\t\t<section class=\"elementor-section elementor-top-section elementor-element elementor-element-46d65672 elementor-section-content-middle elementor-section-boxed elementor-section-height-default elementor-section-height-default\" data-id=\"46d65672\" data-element_type=\"section\" data-e-type=\"section\">\n\t\t\t\t\t\t<div class=\"elementor-container elementor-column-gap-default\">\n\t\t\t\t\t<div class=\"elementor-column elementor-col-50 elementor-top-column elementor-element elementor-element-609b6d38\" data-id=\"609b6d38\" data-element_type=\"column\" data-e-type=\"column\">\n\t\t\t<div class=\"elementor-widget-wrap elementor-element-populated\">\n\t\t\t\t\t\t<div class=\"elementor-element elementor-element-50a545c5 elementor-widget__width-initial de_scroll_animation_no elementor-widget elementor-widget-image\" data-id=\"50a545c5\" data-element_type=\"widget\" data-e-type=\"widget\" data-settings=\"{&quot;_animation&quot;:&quot;none&quot;}\" data-widget_type=\"image.default\">\n\t\t\t\t<div class=\"elementor-widget-container\">\n\t\t\t\t\t\t\t\t\t\t\t\t\t\t\t<img fetchpriority=\"high\" decoding=\"async\" width=\"524\" height=\"786\" src=\"https:\/\/thevillasarchitect.com\/wp-content\/uploads\/2024\/12\/arquitecto-pra-villas-en-marbella-1.jpg\" class=\"attachment-full size-full wp-image-776\" alt=\"arquitecto de villas en Marbella\" srcset=\"https:\/\/thevillasarchitect.com\/wp-content\/uploads\/2024\/12\/arquitecto-pra-villas-en-marbella-1.jpg 524w, https:\/\/thevillasarchitect.com\/wp-content\/uploads\/2024\/12\/arquitecto-pra-villas-en-marbella-1-200x300.jpg 200w\" sizes=\"(max-width: 524px) 100vw, 524px\" \/>\t\t\t\t\t\t\t\t\t\t\t\t\t\t\t<\/div>\n\t\t\t\t<\/div>\n\t\t\t\t\t<\/div>\n\t\t<\/div>\n\t\t\t\t<div class=\"elementor-column elementor-col-50 elementor-top-column elementor-element elementor-element-0354fa0\" data-id=\"0354fa0\" data-element_type=\"column\" data-e-type=\"column\">\n\t\t\t<div class=\"elementor-widget-wrap elementor-element-populated\">\n\t\t\t\t\t\t<div class=\"elementor-element elementor-element-aa77446 de_scroll_animation_no elementor-widget elementor-widget-heading\" data-id=\"aa77446\" data-element_type=\"widget\" data-e-type=\"widget\" data-widget_type=\"heading.default\">\n\t\t\t\t<div class=\"elementor-widget-container\">\n\t\t\t\t\t<h1 class=\"elementor-heading-title elementor-size-default\">Arquitecto Jos\u00e9 Manuel Garrido<\/h1>\t\t\t\t<\/div>\n\t\t\t\t<\/div>\n\t\t\t\t<div class=\"elementor-element elementor-element-55d47a8 de_scroll_animation_no elementor-invisible elementor-widget elementor-widget-heading\" data-id=\"55d47a8\" data-element_type=\"widget\" data-e-type=\"widget\" data-settings=\"{&quot;_animation&quot;:&quot;fadeIn&quot;,&quot;_animation_delay&quot;:200}\" data-widget_type=\"heading.default\">\n\t\t\t\t<div class=\"elementor-widget-container\">\n\t\t\t\t\t<h2 class=\"elementor-heading-title elementor-size-default\">Sobre mi<\/h2>\t\t\t\t<\/div>\n\t\t\t\t<\/div>\n\t\t\t\t<div class=\"elementor-element elementor-element-ec49395 de_scroll_animation_no elementor-widget elementor-widget-text-editor\" data-id=\"ec49395\" data-element_type=\"widget\" data-e-type=\"widget\" data-widget_type=\"text-editor.default\">\n\t\t\t\t<div class=\"elementor-widget-container\">\n\t\t\t\t\t\t\t\t\t<p>De peque\u00f1o me gustaba mucho dibujar. Como a tantos ni\u00f1os.<\/p><p>Sin embargo, al contrario que otros, que dejan esa afici\u00f3n al hacerse mayores, yo segu\u00ed haciendo mis dibujos durante la pubertad y a\u00fan en la adolescencia.<\/p><p>Fue en esa \u00e9poca en la que empec\u00e9 a dibujar casas, desde la ignorancia m\u00e1s absoluta porque nadie entre mi familia y amigos pod\u00edan orientarme al respecto, o eso cre\u00eda yo.<\/p><p>Sin embargo, viendo mi inter\u00e9s por el tema, un t\u00edo m\u00edo, que quiso estudiar delineaci\u00f3n a distancia, me regal\u00f3 el material did\u00e1ctico que conservaba.<\/p><p>Para m\u00ed fue una revelaci\u00f3n admirar los planos y dise\u00f1os de los chal\u00e9s de los a\u00f1os 50 que poblaban aquellas lecciones y que me cautivaron hasta el punto que empec\u00e9 a copiarlos y a intentar hacer mis propios dise\u00f1os.<\/p><p>Como era un chico estudioso y con notas excelentes fue relativamente f\u00e1cil decidirme por estudiar arquitectura, aconsejado por otro t\u00edo cercano.<\/p><p>Con gran esfuerzo por parte de mis padres y superando las dificultades de una carrera tan exigente pude finalmente convertir mi pasi\u00f3n por dibujar bonitas casas en una profesi\u00f3n<\/p><p>Ahora pongo mi talento a disposici\u00f3n de quienes desean construir el espacio de calidad donde hacer su vida.<\/p><p>Si crees que puedo ayudarte dale al bot\u00f3n y hablamos.<\/p>\t\t\t\t\t\t\t\t<\/div>\n\t\t\t\t<\/div>\n\t\t\t\t<div class=\"elementor-element elementor-element-cfef1ae elementor-align-left elementor-mobile-align-center de_scroll_animation_no elementor-invisible elementor-widget elementor-widget-button\" data-id=\"cfef1ae\" data-element_type=\"widget\" data-e-type=\"widget\" data-settings=\"{&quot;_animation&quot;:&quot;fadeIn&quot;,&quot;_animation_delay&quot;:400}\" data-widget_type=\"button.default\">\n\t\t\t\t<div class=\"elementor-widget-container\">\n\t\t\t\t\t\t\t\t\t<div class=\"elementor-button-wrapper\">\n\t\t\t\t\t<a class=\"elementor-button elementor-button-link elementor-size-sm\" href=\"https:\/\/thevillasarchitect.com\/es\/contacto\/\">\n\t\t\t\t\t\t<span class=\"elementor-button-content-wrapper\">\n\t\t\t\t\t\t\t\t\t<span class=\"elementor-button-text\">CU\u00c9NTAME TU PROYECTO<\/span>\n\t\t\t\t\t<\/span>\n\t\t\t\t\t<\/a>\n\t\t\t\t<\/div>\n\t\t\t\t\t\t\t\t<\/div>\n\t\t\t\t<\/div>\n\t\t\t\t\t<\/div>\n\t\t<\/div>\n\t\t\t\t\t<\/div>\n\t\t<\/section>\n\t\t\t\t<\/div>\n\t\t","protected":false},"excerpt":{"rendered":"<p>Arquitecto Jos\u00e9 Manuel Garrido Sobre mi De peque\u00f1o me gustaba mucho dibujar. Como a tantos ni\u00f1os. Sin embargo, al contrario que otros, que dejan esa afici\u00f3n al hacerse mayores, yo segu\u00ed haciendo mis dibujos durante la pubertad y a\u00fan en la adolescencia. Fue en esa \u00e9poca en la que empec\u00e9 a dibujar casas, desde la &#8230; <a title=\"Sobre mi\" class=\"read-more\" href=\"https:\/\/thevillasarchitect.com\/es\/sobre-mi\/\" aria-label=\"Leer m\u00e1s sobre Sobre mi\">Leer m\u00e1s<\/a><\/p>\n","protected":false},"author":1,"featured_media":677,"parent":0,"menu_order":0,"comment_status":"closed","ping_status":"closed","template":"elementor_header_footer","meta":{"footnotes":""},"class_list":["post-369","page","type-page","status-publish","has-post-thumbnail"],"yoast_head":"<!-- This site is optimized with the Yoast SEO plugin v27.5 - https:\/\/yoast.com\/product\/yoast-seo-wordpress\/ -->\n<title>Arquitecto Jose Manuel Garrido | The Villas Architect<\/title>\n<meta name=\"description\" content=\"Pasi\u00f3n por la arquitectura de Villas. Dise\u00f1o espacios de calidad para tu vida. Hablemos y construyamos juntos tu hogar ideal.\" \/>\n<meta name=\"robots\" content=\"index, follow, max-snippet:-1, max-image-preview:large, max-video-preview:-1\" \/>\n<link rel=\"canonical\" href=\"https:\/\/thevillasarchitect.com\/es\/sobre-mi\/\" \/>\n<meta property=\"og:locale\" content=\"es_ES\" \/>\n<meta property=\"og:type\" content=\"article\" \/>\n<meta property=\"og:title\" content=\"Arquitecto Jose Manuel Garrido | The Villas Architect\" \/>\n<meta property=\"og:description\" content=\"Pasi\u00f3n por la arquitectura de Villas. Dise\u00f1o espacios de calidad para tu vida. Hablemos y construyamos juntos tu hogar ideal.\" \/>\n<meta property=\"og:url\" content=\"https:\/\/thevillasarchitect.com\/es\/sobre-mi\/\" \/>\n<meta property=\"og:site_name\" content=\"Villas\" \/>\n<meta property=\"article:modified_time\" content=\"2024-12-23T09:05:45+00:00\" \/>\n<meta property=\"og:image\" content=\"https:\/\/thevillasarchitect.com\/wp-content\/uploads\/2024\/12\/arquitecto-marbella-especialista-villas-jose-manuel-garrido.jpg\" \/>\n\t<meta property=\"og:image:width\" content=\"587\" \/>\n\t<meta property=\"og:image:height\" content=\"799\" \/>\n\t<meta property=\"og:image:type\" content=\"image\/jpeg\" \/>\n<meta name=\"twitter:card\" content=\"summary_large_image\" \/>\n<meta name=\"twitter:label1\" content=\"Tiempo de lectura\" \/>\n\t<meta name=\"twitter:data1\" content=\"2 minutos\" \/>\n<script type=\"application\/ld+json\" class=\"yoast-schema-graph\">{\"@context\":\"https:\\\/\\\/schema.org\",\"@graph\":[{\"@type\":\"WebPage\",\"@id\":\"https:\\\/\\\/thevillasarchitect.com\\\/es\\\/sobre-mi\\\/\",\"url\":\"https:\\\/\\\/thevillasarchitect.com\\\/es\\\/sobre-mi\\\/\",\"name\":\"Arquitecto Jose Manuel Garrido | The Villas Architect\",\"isPartOf\":{\"@id\":\"https:\\\/\\\/thevillasarchitect.com\\\/es\\\/#website\"},\"primaryImageOfPage\":{\"@id\":\"https:\\\/\\\/thevillasarchitect.com\\\/es\\\/sobre-mi\\\/#primaryimage\"},\"image\":{\"@id\":\"https:\\\/\\\/thevillasarchitect.com\\\/es\\\/sobre-mi\\\/#primaryimage\"},\"thumbnailUrl\":\"https:\\\/\\\/thevillasarchitect.com\\\/wp-content\\\/uploads\\\/2024\\\/12\\\/arquitecto-marbella-especialista-villas-jose-manuel-garrido.jpg\",\"datePublished\":\"2024-12-05T17:35:20+00:00\",\"dateModified\":\"2024-12-23T09:05:45+00:00\",\"description\":\"Pasi\u00f3n por la arquitectura de Villas. Dise\u00f1o espacios de calidad para tu vida. Hablemos y construyamos juntos tu hogar ideal.\",\"breadcrumb\":{\"@id\":\"https:\\\/\\\/thevillasarchitect.com\\\/es\\\/sobre-mi\\\/#breadcrumb\"},\"inLanguage\":\"es\",\"potentialAction\":[{\"@type\":\"ReadAction\",\"target\":[\"https:\\\/\\\/thevillasarchitect.com\\\/es\\\/sobre-mi\\\/\"]}]},{\"@type\":\"ImageObject\",\"inLanguage\":\"es\",\"@id\":\"https:\\\/\\\/thevillasarchitect.com\\\/es\\\/sobre-mi\\\/#primaryimage\",\"url\":\"https:\\\/\\\/thevillasarchitect.com\\\/wp-content\\\/uploads\\\/2024\\\/12\\\/arquitecto-marbella-especialista-villas-jose-manuel-garrido.jpg\",\"contentUrl\":\"https:\\\/\\\/thevillasarchitect.com\\\/wp-content\\\/uploads\\\/2024\\\/12\\\/arquitecto-marbella-especialista-villas-jose-manuel-garrido.jpg\",\"width\":587,\"height\":799,\"caption\":\"arquitecto villas de lujo Marbella\"},{\"@type\":\"BreadcrumbList\",\"@id\":\"https:\\\/\\\/thevillasarchitect.com\\\/es\\\/sobre-mi\\\/#breadcrumb\",\"itemListElement\":[{\"@type\":\"ListItem\",\"position\":1,\"name\":\"Portada\",\"item\":\"https:\\\/\\\/thevillasarchitect.com\\\/es\\\/\"},{\"@type\":\"ListItem\",\"position\":2,\"name\":\"Sobre mi\"}]},{\"@type\":\"WebSite\",\"@id\":\"https:\\\/\\\/thevillasarchitect.com\\\/es\\\/#website\",\"url\":\"https:\\\/\\\/thevillasarchitect.com\\\/es\\\/\",\"name\":\"The Villas Architect\",\"description\":\"The Villas Architect - Arquitecto en la Costa del Sol\",\"publisher\":{\"@id\":\"https:\\\/\\\/thevillasarchitect.com\\\/es\\\/#organization\"},\"alternateName\":\"The Villas Architect\",\"potentialAction\":[{\"@type\":\"SearchAction\",\"target\":{\"@type\":\"EntryPoint\",\"urlTemplate\":\"https:\\\/\\\/thevillasarchitect.com\\\/es\\\/?s={search_term_string}\"},\"query-input\":{\"@type\":\"PropertyValueSpecification\",\"valueRequired\":true,\"valueName\":\"search_term_string\"}}],\"inLanguage\":\"es\"},{\"@type\":\"Organization\",\"@id\":\"https:\\\/\\\/thevillasarchitect.com\\\/es\\\/#organization\",\"name\":\"The Villas Architect\",\"alternateName\":\"The Villas Architect - Arquitecto en la Costa del Sol\",\"url\":\"https:\\\/\\\/thevillasarchitect.com\\\/es\\\/\",\"logo\":{\"@type\":\"ImageObject\",\"inLanguage\":\"es\",\"@id\":\"https:\\\/\\\/thevillasarchitect.com\\\/es\\\/#\\\/schema\\\/logo\\\/image\\\/\",\"url\":\"https:\\\/\\\/thevillasarchitect.com\\\/wp-content\\\/uploads\\\/2024\\\/11\\\/villas-arhictect-malaga.webp\",\"contentUrl\":\"https:\\\/\\\/thevillasarchitect.com\\\/wp-content\\\/uploads\\\/2024\\\/11\\\/villas-arhictect-malaga.webp\",\"width\":1000,\"height\":185,\"caption\":\"The Villas Architect\"},\"image\":{\"@id\":\"https:\\\/\\\/thevillasarchitect.com\\\/es\\\/#\\\/schema\\\/logo\\\/image\\\/\"}}]}<\/script>\n<!-- \/ Yoast SEO plugin. -->","yoast_head_json":{"title":"Arquitecto Jose Manuel Garrido | The Villas Architect","description":"Pasi\u00f3n por la arquitectura de Villas. Dise\u00f1o espacios de calidad para tu vida. Hablemos y construyamos juntos tu hogar ideal.","robots":{"index":"index","follow":"follow","max-snippet":"max-snippet:-1","max-image-preview":"max-image-preview:large","max-video-preview":"max-video-preview:-1"},"canonical":"https:\/\/thevillasarchitect.com\/es\/sobre-mi\/","og_locale":"es_ES","og_type":"article","og_title":"Arquitecto Jose Manuel Garrido | The Villas Architect","og_description":"Pasi\u00f3n por la arquitectura de Villas. Dise\u00f1o espacios de calidad para tu vida. Hablemos y construyamos juntos tu hogar ideal.","og_url":"https:\/\/thevillasarchitect.com\/es\/sobre-mi\/","og_site_name":"Villas","article_modified_time":"2024-12-23T09:05:45+00:00","og_image":[{"width":587,"height":799,"url":"https:\/\/thevillasarchitect.com\/wp-content\/uploads\/2024\/12\/arquitecto-marbella-especialista-villas-jose-manuel-garrido.jpg","type":"image\/jpeg"}],"twitter_card":"summary_large_image","twitter_misc":{"Tiempo de lectura":"2 minutos"},"schema":{"@context":"https:\/\/schema.org","@graph":[{"@type":"WebPage","@id":"https:\/\/thevillasarchitect.com\/es\/sobre-mi\/","url":"https:\/\/thevillasarchitect.com\/es\/sobre-mi\/","name":"Arquitecto Jose Manuel Garrido | The Villas Architect","isPartOf":{"@id":"https:\/\/thevillasarchitect.com\/es\/#website"},"primaryImageOfPage":{"@id":"https:\/\/thevillasarchitect.com\/es\/sobre-mi\/#primaryimage"},"image":{"@id":"https:\/\/thevillasarchitect.com\/es\/sobre-mi\/#primaryimage"},"thumbnailUrl":"https:\/\/thevillasarchitect.com\/wp-content\/uploads\/2024\/12\/arquitecto-marbella-especialista-villas-jose-manuel-garrido.jpg","datePublished":"2024-12-05T17:35:20+00:00","dateModified":"2024-12-23T09:05:45+00:00","description":"Pasi\u00f3n por la arquitectura de Villas. Dise\u00f1o espacios de calidad para tu vida. Hablemos y construyamos juntos tu hogar ideal.","breadcrumb":{"@id":"https:\/\/thevillasarchitect.com\/es\/sobre-mi\/#breadcrumb"},"inLanguage":"es","potentialAction":[{"@type":"ReadAction","target":["https:\/\/thevillasarchitect.com\/es\/sobre-mi\/"]}]},{"@type":"ImageObject","inLanguage":"es","@id":"https:\/\/thevillasarchitect.com\/es\/sobre-mi\/#primaryimage","url":"https:\/\/thevillasarchitect.com\/wp-content\/uploads\/2024\/12\/arquitecto-marbella-especialista-villas-jose-manuel-garrido.jpg","contentUrl":"https:\/\/thevillasarchitect.com\/wp-content\/uploads\/2024\/12\/arquitecto-marbella-especialista-villas-jose-manuel-garrido.jpg","width":587,"height":799,"caption":"arquitecto villas de lujo Marbella"},{"@type":"BreadcrumbList","@id":"https:\/\/thevillasarchitect.com\/es\/sobre-mi\/#breadcrumb","itemListElement":[{"@type":"ListItem","position":1,"name":"Portada","item":"https:\/\/thevillasarchitect.com\/es\/"},{"@type":"ListItem","position":2,"name":"Sobre mi"}]},{"@type":"WebSite","@id":"https:\/\/thevillasarchitect.com\/es\/#website","url":"https:\/\/thevillasarchitect.com\/es\/","name":"The Villas Architect","description":"The Villas Architect - Arquitecto en la Costa del Sol","publisher":{"@id":"https:\/\/thevillasarchitect.com\/es\/#organization"},"alternateName":"The Villas Architect","potentialAction":[{"@type":"SearchAction","target":{"@type":"EntryPoint","urlTemplate":"https:\/\/thevillasarchitect.com\/es\/?s={search_term_string}"},"query-input":{"@type":"PropertyValueSpecification","valueRequired":true,"valueName":"search_term_string"}}],"inLanguage":"es"},{"@type":"Organization","@id":"https:\/\/thevillasarchitect.com\/es\/#organization","name":"The Villas Architect","alternateName":"The Villas Architect - Arquitecto en la Costa del Sol","url":"https:\/\/thevillasarchitect.com\/es\/","logo":{"@type":"ImageObject","inLanguage":"es","@id":"https:\/\/thevillasarchitect.com\/es\/#\/schema\/logo\/image\/","url":"https:\/\/thevillasarchitect.com\/wp-content\/uploads\/2024\/11\/villas-arhictect-malaga.webp","contentUrl":"https:\/\/thevillasarchitect.com\/wp-content\/uploads\/2024\/11\/villas-arhictect-malaga.webp","width":1000,"height":185,"caption":"The Villas Architect"},"image":{"@id":"https:\/\/thevillasarchitect.com\/es\/#\/schema\/logo\/image\/"}}]}},"_links":{"self":[{"href":"https:\/\/thevillasarchitect.com\/es\/wp-json\/wp\/v2\/pages\/369","targetHints":{"allow":["GET"]}}],"collection":[{"href":"https:\/\/thevillasarchitect.com\/es\/wp-json\/wp\/v2\/pages"}],"about":[{"href":"https:\/\/thevillasarchitect.com\/es\/wp-json\/wp\/v2\/types\/page"}],"author":[{"embeddable":true,"href":"https:\/\/thevillasarchitect.com\/es\/wp-json\/wp\/v2\/users\/1"}],"replies":[{"embeddable":true,"href":"https:\/\/thevillasarchitect.com\/es\/wp-json\/wp\/v2\/comments?post=369"}],"version-history":[{"count":34,"href":"https:\/\/thevillasarchitect.com\/es\/wp-json\/wp\/v2\/pages\/369\/revisions"}],"predecessor-version":[{"id":782,"href":"https:\/\/thevillasarchitect.com\/es\/wp-json\/wp\/v2\/pages\/369\/revisions\/782"}],"wp:featuredmedia":[{"embeddable":true,"href":"https:\/\/thevillasarchitect.com\/es\/wp-json\/wp\/v2\/media\/677"}],"wp:attachment":[{"href":"https:\/\/thevillasarchitect.com\/es\/wp-json\/wp\/v2\/media?parent=369"}],"curies":[{"name":"wp","href":"https:\/\/api.w.org\/{rel}","templated":true}]}}