{"id":371,"date":"2024-12-05T18:35:36","date_gmt":"2024-12-05T17:35:36","guid":{"rendered":"https:\/\/thevillasarchitect.com\/?page_id=371"},"modified":"2025-01-02T15:27:43","modified_gmt":"2025-01-02T14:27:43","slug":"proyectos","status":"publish","type":"page","link":"https:\/\/thevillasarchitect.com\/es\/proyectos\/","title":{"rendered":"Proyectos"},"content":{"rendered":"\t\t<div data-elementor-type=\"wp-page\" data-elementor-id=\"371\" class=\"elementor elementor-371\" data-elementor-post-type=\"page\">\n\t\t\t\t\t\t<section class=\"elementor-section elementor-top-section elementor-element elementor-element-41be4264 elementor-section-boxed elementor-section-height-default elementor-section-height-default\" data-id=\"41be4264\" data-element_type=\"section\" data-e-type=\"section\">\n\t\t\t\t\t\t<div class=\"elementor-container elementor-column-gap-default\">\n\t\t\t\t\t<div class=\"elementor-column elementor-col-100 elementor-top-column elementor-element elementor-element-f98d8a7\" data-id=\"f98d8a7\" data-element_type=\"column\" data-e-type=\"column\">\n\t\t\t<div class=\"elementor-widget-wrap elementor-element-populated\">\n\t\t\t\t\t\t<section class=\"elementor-section elementor-inner-section elementor-element elementor-element-7132e442 elementor-section-boxed elementor-section-height-default elementor-section-height-default\" data-id=\"7132e442\" data-element_type=\"section\" data-e-type=\"section\">\n\t\t\t\t\t\t<div class=\"elementor-container elementor-column-gap-default\">\n\t\t\t\t\t<div class=\"elementor-column elementor-col-100 elementor-inner-column elementor-element elementor-element-1d400618\" data-id=\"1d400618\" data-element_type=\"column\" data-e-type=\"column\">\n\t\t\t<div class=\"elementor-widget-wrap elementor-element-populated\">\n\t\t\t\t\t\t<div class=\"elementor-element elementor-element-e379ea9 de_scroll_animation_no elementor-widget elementor-widget-heading\" data-id=\"e379ea9\" data-element_type=\"widget\" data-e-type=\"widget\" data-widget_type=\"heading.default\">\n\t\t\t\t<div class=\"elementor-widget-container\">\n\t\t\t\t\t<h1 class=\"elementor-heading-title elementor-size-default\">Villas en la Costa del Sol<\/h1>\t\t\t\t<\/div>\n\t\t\t\t<\/div>\n\t\t\t\t<div class=\"elementor-element elementor-element-29506378 de_scroll_animation_no elementor-widget elementor-widget-heading\" data-id=\"29506378\" data-element_type=\"widget\" data-e-type=\"widget\" data-settings=\"{&quot;_animation&quot;:&quot;none&quot;,&quot;_animation_delay&quot;:200}\" data-widget_type=\"heading.default\">\n\t\t\t\t<div class=\"elementor-widget-container\">\n\t\t\t\t\t<h2 class=\"elementor-heading-title elementor-size-default\">Proyectos recientes<\/h2>\t\t\t\t<\/div>\n\t\t\t\t<\/div>\n\t\t\t\t\t<\/div>\n\t\t<\/div>\n\t\t\t\t\t<\/div>\n\t\t<\/section>\n\t\t\t\t<div class=\"elementor-element elementor-element-6dedbd0 de_scroll_animation_no elementor-widget elementor-widget-shortcode\" data-id=\"6dedbd0\" data-element_type=\"widget\" data-e-type=\"widget\" data-widget_type=\"shortcode.default\">\n\t\t\t\t<div class=\"elementor-widget-container\">\n\t\t\t\t\t\t\t<div class=\"elementor-shortcode\">\t\t<div data-elementor-type=\"section\" data-elementor-id=\"1062\" class=\"elementor elementor-1062\" data-elementor-post-type=\"elementor_library\">\n\t\t\t<div class=\"elementor-element elementor-element-df07036 e-con-full e-flex e-con e-parent\" data-id=\"df07036\" data-element_type=\"container\" data-e-type=\"container\">\n\t\t\t\t<div class=\"elementor-element elementor-element-8badc89 project-gallery de_scroll_animation_no elementor-widget elementor-widget-dethemekit-img-gallery\" data-id=\"8badc89\" data-element_type=\"widget\" data-e-type=\"widget\" data-settings=\"{&quot;_animation&quot;:&quot;none&quot;,&quot;_animation_delay&quot;:400}\" data-widget_type=\"dethemekit-img-gallery.default\">\n\t\t\t\t<div class=\"elementor-widget-container\">\n\t\t\t\t\t\r\n\t<div class=\"dethemekit-img-gallery-no-lightbox dethemekit-img-gallery dethemekit-img-gallery-metro zoomin\" id=\"dethemekit-img-gallery-8badc89\">\r\n\t\t\r\n\t\t<div class=\"dethemekit-gallery-container\" data-settings=\"{&quot;img_size&quot;:&quot;metro&quot;,&quot;filter&quot;:&quot;&quot;,&quot;theme&quot;:null,&quot;active_cat&quot;:&quot;*&quot;,&quot;ltr_mode&quot;:true,&quot;shuffle&quot;:false,&quot;sort_by&quot;:&quot;original-order&quot;,&quot;skin&quot;:&quot;style1&quot;}\">\r\n\r\n\t\t\t\t\t\t\t<div class=\"grid-sizer\"><\/div>\r\n\t\t\t\t\t\t\t\t<div class=\"dethemekit-gallery-item elementor-repeater-item-60d08d0 category-2\" data-metro=\"{&quot;cells&quot;:4,&quot;vcells&quot;:4,&quot;cells_tablet&quot;:null,&quot;vcells_tablet&quot;:null,&quot;cells_mobile&quot;:null,&quot;vcells_mobile&quot;:null}\">\r\n\t\t\t\t<div class=\"pa-gallery-img style1\" onclick=\"\">\r\n\t\t\t\t\t<div class=\"pa-gallery-img-container\">\r\n\t\t\t\t\t\t\r\n\t\t<img decoding=\"async\" class=\"pa-gallery-image\" src=\"https:\/\/thevillasarchitect.com\/wp-content\/uploads\/2024\/12\/villa-constitucion-arquitecto-marbella.jpg\" alt=\"estudio de arquitectos para villa en Marbella\">\r\n\t\t\t\t\t\t\t<\/div>\r\n\t\t\t\t\t\t\t\t\t\t\t\t<div class=\"pa-gallery-icons-wrapper\">\r\n\t\t\t\t\t\t\t\t<div class=\"pa-gallery-icons-inner-container\">\r\n\t\t\t\t\t\t\t\t\t\t\t\t\t\t\t\t\t<\/div>\r\n\t\t\t\t\t\t\t<\/div>\r\n\t\t\t\t\t\t\t\t\t\t<div class=\"dethemekit-gallery-caption\">\r\n\r\n\t\t\t\t\t\t\t\t\t<span class=\"dethemekit-gallery-img-name\">Constituci\u00f3n 12<\/span>\r\n\t\t\t\t\t\t\t\t\t\t<p class=\"dethemekit-gallery-img-desc\">Posadas, C\u00f3rdoba<\/p>\r\n\t\t\t\t\r\n\t\t\t<\/div>\r\n\t\t\t\t\t\t\t<\/div>\r\n\t\t\t<\/div>\r\n\t\t\t\t\t\t\t<div class=\"dethemekit-gallery-item elementor-repeater-item-fa5a3ff category-2\" data-metro=\"{&quot;cells&quot;:4,&quot;vcells&quot;:4,&quot;cells_tablet&quot;:null,&quot;vcells_tablet&quot;:null,&quot;cells_mobile&quot;:null,&quot;vcells_mobile&quot;:null}\">\r\n\t\t\t\t<div class=\"pa-gallery-img style1\" onclick=\"\">\r\n\t\t\t\t\t<div class=\"pa-gallery-img-container\">\r\n\t\t\t\t\t\t\r\n\t\t<img decoding=\"async\" class=\"pa-gallery-image\" src=\"https:\/\/thevillasarchitect.com\/wp-content\/uploads\/2024\/12\/arquitecto-villa-marbella-1024x683.jpg\" alt=\"arquitectos en marbella para villa\">\r\n\t\t\t\t\t\t\t<\/div>\r\n\t\t\t\t\t\t\t\t\t\t\t\t<div class=\"pa-gallery-icons-wrapper\">\r\n\t\t\t\t\t\t\t\t<div class=\"pa-gallery-icons-inner-container\">\r\n\t\t\t\t\t\t\t\t\t\t\t\t\t\t\t\t\t<\/div>\r\n\t\t\t\t\t\t\t<\/div>\r\n\t\t\t\t\t\t\t\t\t\t<div class=\"dethemekit-gallery-caption\">\r\n\r\n\t\t\t\t\t\t\t\t\t<span class=\"dethemekit-gallery-img-name\">Los Cipreses 20<\/span>\r\n\t\t\t\t\t\t\t\t\t\t<p class=\"dethemekit-gallery-img-desc\">Cabopino, Marbella. M\u00e1laga<\/p>\r\n\t\t\t\t\r\n\t\t\t<\/div>\r\n\t\t\t\t\t\t\t<\/div>\r\n\t\t\t<\/div>\r\n\t\t\t\t\t\t\t<div class=\"dethemekit-gallery-item elementor-repeater-item-2375bd1 category-2\" data-metro=\"{&quot;cells&quot;:4,&quot;vcells&quot;:4,&quot;cells_tablet&quot;:null,&quot;vcells_tablet&quot;:null,&quot;cells_mobile&quot;:null,&quot;vcells_mobile&quot;:null}\">\r\n\t\t\t\t<div class=\"pa-gallery-img style1\" onclick=\"\">\r\n\t\t\t\t\t<div class=\"pa-gallery-img-container\">\r\n\t\t\t\t\t\t\r\n\t\t<img decoding=\"async\" class=\"pa-gallery-image\" src=\"https:\/\/thevillasarchitect.com\/wp-content\/uploads\/2024\/12\/villa-flamingos-arquitecto-marbella.jpg\" alt=\"Arquitecto construcci\u00f3n de villas Marbella\">\r\n\t\t\t\t\t\t\t<\/div>\r\n\t\t\t\t\t\t\t\t\t\t\t\t<div class=\"pa-gallery-icons-wrapper\">\r\n\t\t\t\t\t\t\t\t<div class=\"pa-gallery-icons-inner-container\">\r\n\t\t\t\t\t\t\t\t\t\t\t\t\t\t\t\t\t<\/div>\r\n\t\t\t\t\t\t\t<\/div>\r\n\t\t\t\t\t\t\t\t\t\t<div class=\"dethemekit-gallery-caption\">\r\n\r\n\t\t\t\t\t\t\t\t\t<span class=\"dethemekit-gallery-img-name\">Casares 4<\/span>\r\n\t\t\t\t\t\t\t\t\t\t<p class=\"dethemekit-gallery-img-desc\">Estepona. M\u00e1laga<\/p>\r\n\t\t\t\t\r\n\t\t\t<\/div>\r\n\t\t\t\t\t\t\t<\/div>\r\n\t\t\t<\/div>\r\n\t\t\t\t\t\t\t<div class=\"dethemekit-gallery-item elementor-repeater-item-893996b category-2\" data-metro=\"{&quot;cells&quot;:4,&quot;vcells&quot;:4,&quot;cells_tablet&quot;:null,&quot;vcells_tablet&quot;:null,&quot;cells_mobile&quot;:null,&quot;vcells_mobile&quot;:null}\">\r\n\t\t\t\t<div class=\"pa-gallery-img style1\" onclick=\"\">\r\n\t\t\t\t\t<div class=\"pa-gallery-img-container\">\r\n\t\t\t\t\t\t\r\n\t\t<img decoding=\"async\" class=\"pa-gallery-image\" src=\"https:\/\/thevillasarchitect.com\/wp-content\/uploads\/2024\/12\/villa-pedro-el-grande-arquitecto-marbella.jpg\" alt=\"Arquitecto villas de lujo Marbella\">\r\n\t\t\t\t\t\t\t<\/div>\r\n\t\t\t\t\t\t\t\t\t\t\t\t<div class=\"pa-gallery-icons-wrapper\">\r\n\t\t\t\t\t\t\t\t<div class=\"pa-gallery-icons-inner-container\">\r\n\t\t\t\t\t\t\t\t\t\t\t\t\t\t\t\t\t<\/div>\r\n\t\t\t\t\t\t\t<\/div>\r\n\t\t\t\t\t\t\t\t\t\t<div class=\"dethemekit-gallery-caption\">\r\n\r\n\t\t\t\t\t\t\t\t\t<span class=\"dethemekit-gallery-img-name\">Torrej\u00f3n 50<\/span>\r\n\t\t\t\t\t\t\t\t\t\t<p class=\"dethemekit-gallery-img-desc\">Estepona. M\u00e1laga<\/p>\r\n\t\t\t\t\r\n\t\t\t<\/div>\r\n\t\t\t\t\t\t\t<\/div>\r\n\t\t\t<\/div>\r\n\t\t\t\t\t\t\t<div class=\"dethemekit-gallery-item elementor-repeater-item-1305eda category-1\" data-metro=\"{&quot;cells&quot;:4,&quot;vcells&quot;:4,&quot;cells_tablet&quot;:null,&quot;vcells_tablet&quot;:null,&quot;cells_mobile&quot;:null,&quot;vcells_mobile&quot;:null}\">\r\n\t\t\t\t<div class=\"pa-gallery-img style1\" onclick=\"\">\r\n\t\t\t\t\t<div class=\"pa-gallery-img-container\">\r\n\t\t\t\t\t\t\r\n\t\t<img decoding=\"async\" class=\"pa-gallery-image\" src=\"https:\/\/thevillasarchitect.com\/wp-content\/uploads\/2024\/12\/villa-los-cipreses-arquitecto-marbella.jpg\" alt=\"estudio de arquitectura villas Marbella\">\r\n\t\t\t\t\t\t\t<\/div>\r\n\t\t\t\t\t\t\t\t\t\t\t\t<div class=\"pa-gallery-icons-wrapper\">\r\n\t\t\t\t\t\t\t\t<div class=\"pa-gallery-icons-inner-container\">\r\n\t\t\t\t\t\t\t\t\t\t\t\t\t\t\t\t\t<\/div>\r\n\t\t\t\t\t\t\t<\/div>\r\n\t\t\t\t\t\t\t\t\t\t<div class=\"dethemekit-gallery-caption\">\r\n\r\n\t\t\t\t\t\t\t\t\t<span class=\"dethemekit-gallery-img-name\">Los Riscos 42<\/span>\r\n\t\t\t\t\t\t\t\t\t\t<p class=\"dethemekit-gallery-img-desc\">Manilva. M\u00e1laga<\/p>\r\n\t\t\t\t\r\n\t\t\t<\/div>\r\n\t\t\t\t\t\t\t<\/div>\r\n\t\t\t<\/div>\r\n\t\t\t\t\t\t\t<div class=\"dethemekit-gallery-item elementor-repeater-item-9977c4e category-2\" data-metro=\"{&quot;cells&quot;:4,&quot;vcells&quot;:4,&quot;cells_tablet&quot;:null,&quot;vcells_tablet&quot;:null,&quot;cells_mobile&quot;:null,&quot;vcells_mobile&quot;:null}\">\r\n\t\t\t\t<div class=\"pa-gallery-img style1\" onclick=\"\">\r\n\t\t\t\t\t<div class=\"pa-gallery-img-container\">\r\n\t\t\t\t\t\t\r\n\t\t<img decoding=\"async\" class=\"pa-gallery-image\" src=\"https:\/\/thevillasarchitect.com\/wp-content\/uploads\/2024\/12\/villa-la-zagaleta-arquitecto-marbella.jpg\" alt=\"arquitectos villas costa del sol\">\r\n\t\t\t\t\t\t\t<\/div>\r\n\t\t\t\t\t\t\t\t\t\t\t\t<div class=\"pa-gallery-icons-wrapper\">\r\n\t\t\t\t\t\t\t\t<div class=\"pa-gallery-icons-inner-container\">\r\n\t\t\t\t\t\t\t\t\t\t\t\t\t\t\t\t\t<\/div>\r\n\t\t\t\t\t\t\t<\/div>\r\n\t\t\t\t\t\t\t\t\t\t<div class=\"dethemekit-gallery-caption\">\r\n\r\n\t\t\t\t\t\t\t\t\t<span class=\"dethemekit-gallery-img-name\">La Zagaleta D1.6<\/span>\r\n\t\t\t\t\t\t\t\t\t\t<p class=\"dethemekit-gallery-img-desc\">Benahav\u00eds. M\u00e1laga<\/p>\r\n\t\t\t\t\r\n\t\t\t<\/div>\r\n\t\t\t\t\t\t\t<\/div>\r\n\t\t\t<\/div>\r\n\t\t\t\t\t\t\t<div class=\"dethemekit-gallery-item elementor-repeater-item-4b20061 category-2\" data-metro=\"{&quot;cells&quot;:4,&quot;vcells&quot;:4,&quot;cells_tablet&quot;:null,&quot;vcells_tablet&quot;:null,&quot;cells_mobile&quot;:null,&quot;vcells_mobile&quot;:null}\">\r\n\t\t\t\t<div class=\"pa-gallery-img style1\" onclick=\"\">\r\n\t\t\t\t\t<div class=\"pa-gallery-img-container\">\r\n\t\t\t\t\t\t\r\n\t\t<img decoding=\"async\" class=\"pa-gallery-image\" src=\"https:\/\/thevillasarchitect.com\/wp-content\/uploads\/2024\/12\/villa-los-riscos-arquitecto-marbella.jpg\" alt=\"dise\u00f1o de villas Marbella\">\r\n\t\t\t\t\t\t\t<\/div>\r\n\t\t\t\t\t\t\t\t\t\t\t\t<div class=\"pa-gallery-icons-wrapper\">\r\n\t\t\t\t\t\t\t\t<div class=\"pa-gallery-icons-inner-container\">\r\n\t\t\t\t\t\t\t\t\t\t\t\t\t\t\t\t\t<\/div>\r\n\t\t\t\t\t\t\t<\/div>\r\n\t\t\t\t\t\t\t\t\t\t<div class=\"dethemekit-gallery-caption\">\r\n\r\n\t\t\t\t\t\t\t\t\t<span class=\"dethemekit-gallery-img-name\">Pedro El Grande 26<\/span>\r\n\t\t\t\t\t\t\t\t\t\t<p class=\"dethemekit-gallery-img-desc\">Sotogrande. San Roque. C\u00e1diz<\/p>\r\n\t\t\t\t\r\n\t\t\t<\/div>\r\n\t\t\t\t\t\t\t<\/div>\r\n\t\t\t<\/div>\r\n\t\t\t\t\t\t\t<div class=\"dethemekit-gallery-item elementor-repeater-item-bb85613 category-2\" data-metro=\"{&quot;cells&quot;:4,&quot;vcells&quot;:4,&quot;cells_tablet&quot;:null,&quot;vcells_tablet&quot;:null,&quot;cells_mobile&quot;:null,&quot;vcells_mobile&quot;:null}\">\r\n\t\t\t\t<div class=\"pa-gallery-img style1\" onclick=\"\">\r\n\t\t\t\t\t<div class=\"pa-gallery-img-container\">\r\n\t\t\t\t\t\t\r\n\t\t<img decoding=\"async\" class=\"pa-gallery-image\" src=\"https:\/\/thevillasarchitect.com\/wp-content\/uploads\/2024\/12\/villa-torrejon-arquitecto-marbella.jpg\" alt=\"Arquitectos Marbella\">\r\n\t\t\t\t\t\t\t<\/div>\r\n\t\t\t\t\t\t\t\t\t\t\t\t<div class=\"pa-gallery-icons-wrapper\">\r\n\t\t\t\t\t\t\t\t<div class=\"pa-gallery-icons-inner-container\">\r\n\t\t\t\t\t\t\t\t\t\t\t\t\t\t\t\t\t<\/div>\r\n\t\t\t\t\t\t\t<\/div>\r\n\t\t\t\t\t\t\t\t\t\t<div class=\"dethemekit-gallery-caption\">\r\n\r\n\t\t\t\t\t\t\t\t\t<span class=\"dethemekit-gallery-img-name\">Flamingos 94<\/span>\r\n\t\t\t\t\t\t\t\t\t\t<p class=\"dethemekit-gallery-img-desc\">Benahav\u00eds. M\u00e1laga<\/p>\r\n\t\t\t\t\r\n\t\t\t<\/div>\r\n\t\t\t\t\t\t\t<\/div>\r\n\t\t\t<\/div>\r\n\t\t\t\t\t\t\t<div class=\"dethemekit-gallery-item elementor-repeater-item-2ffcb0a category-2\" data-metro=\"{&quot;cells&quot;:4,&quot;vcells&quot;:4,&quot;cells_tablet&quot;:null,&quot;vcells_tablet&quot;:null,&quot;cells_mobile&quot;:null,&quot;vcells_mobile&quot;:null}\">\r\n\t\t\t\t<div class=\"pa-gallery-img style1\" onclick=\"\">\r\n\t\t\t\t\t<div class=\"pa-gallery-img-container\">\r\n\t\t\t\t\t\t\r\n\t\t<img decoding=\"async\" class=\"pa-gallery-image\" src=\"https:\/\/thevillasarchitect.com\/wp-content\/uploads\/2024\/12\/villa-casares-arquitecto-marbella.jpg\" alt=\"arquitecto villas modernas Marbella\">\r\n\t\t\t\t\t\t\t<\/div>\r\n\t\t\t\t\t\t\t\t\t\t\t\t<div class=\"pa-gallery-icons-wrapper\">\r\n\t\t\t\t\t\t\t\t<div class=\"pa-gallery-icons-inner-container\">\r\n\t\t\t\t\t\t\t\t\t\t\t\t\t\t\t\t\t<\/div>\r\n\t\t\t\t\t\t\t<\/div>\r\n\t\t\t\t\t\t\t\t\t\t<div class=\"dethemekit-gallery-caption\">\r\n\r\n\t\t\t\t\t\t\t\t\t<span class=\"dethemekit-gallery-img-name\">Nueva Atalaya 37<\/span>\r\n\t\t\t\t\t\t\t\t\t\t<p class=\"dethemekit-gallery-img-desc\">Benahav\u00eds. M\u00e1laga<\/p>\r\n\t\t\t\t\r\n\t\t\t<\/div>\r\n\t\t\t\t\t\t\t<\/div>\r\n\t\t\t<\/div>\r\n\t\t\t\t\t\t\t<div class=\"dethemekit-gallery-item elementor-repeater-item-114585a category-2\" data-metro=\"{&quot;cells&quot;:4,&quot;vcells&quot;:4,&quot;cells_tablet&quot;:null,&quot;vcells_tablet&quot;:null,&quot;cells_mobile&quot;:null,&quot;vcells_mobile&quot;:null}\">\r\n\t\t\t\t<div class=\"pa-gallery-img style1\" onclick=\"\">\r\n\t\t\t\t\t<div class=\"pa-gallery-img-container\">\r\n\t\t\t\t\t\t\r\n\t\t<img decoding=\"async\" class=\"pa-gallery-image\" src=\"https:\/\/thevillasarchitect.com\/wp-content\/uploads\/2025\/01\/Dulcinea-30.-Sotogrande.-Cadiz-1024x683.jpg\" alt=\"Dulcinea 30. Sotogrande. C\u00e1diz\">\r\n\t\t\t\t\t\t\t<\/div>\r\n\t\t\t\t\t\t\t\t\t\t\t\t<div class=\"pa-gallery-icons-wrapper\">\r\n\t\t\t\t\t\t\t\t<div class=\"pa-gallery-icons-inner-container\">\r\n\t\t\t\t\t\t\t\t\t\t\t\t\t\t\t\t\t<\/div>\r\n\t\t\t\t\t\t\t<\/div>\r\n\t\t\t\t\t\t\t\t\t\t<div class=\"dethemekit-gallery-caption\">\r\n\r\n\t\t\t\t\t\t\t\t\t<span class=\"dethemekit-gallery-img-name\">Dulcinea 30.<\/span>\r\n\t\t\t\t\t\t\t\t\t\t<p class=\"dethemekit-gallery-img-desc\">Sotogrande. C\u00e1diz<\/p>\r\n\t\t\t\t\r\n\t\t\t<\/div>\r\n\t\t\t\t\t\t\t<\/div>\r\n\t\t\t<\/div>\r\n\t\t\t\t\t<\/div>\r\n\r\n\t\t\r\n\t<\/div>\r\n\r\n\t\t\r\n\t\t\r\n\t\t\t\t\t\t<\/div>\n\t\t\t\t<\/div>\n\t\t\t\t<\/div>\n\t\t\t\t<\/div>\n\t\t<\/div>\n\t\t\t\t\t\t<\/div>\n\t\t\t\t<\/div>\n\t\t\t\t\t<\/div>\n\t\t<\/div>\n\t\t\t\t\t<\/div>\n\t\t<\/section>\n\t\t\t\t<\/div>\n\t\t","protected":false},"excerpt":{"rendered":"<p>Villas en la Costa del Sol Proyectos recientes<\/p>\n","protected":false},"author":1,"featured_media":668,"parent":0,"menu_order":0,"comment_status":"closed","ping_status":"closed","template":"elementor_header_footer","meta":{"footnotes":""},"class_list":["post-371","page","type-page","status-publish","has-post-thumbnail"],"yoast_head":"<!-- This site is optimized with the Yoast SEO plugin v27.5 - https:\/\/yoast.com\/product\/yoast-seo-wordpress\/ -->\n<title>Nuestros Proyectos de Villas | The Villas Architect<\/title>\n<meta name=\"description\" content=\"Explora nuestros proyectos de villas exclusivas. Dise\u00f1os que combinan elegancia, innovaci\u00f3n y la mejor atenci\u00f3n al detalle.\" \/>\n<meta name=\"robots\" content=\"index, follow, max-snippet:-1, max-image-preview:large, max-video-preview:-1\" \/>\n<link rel=\"canonical\" href=\"https:\/\/thevillasarchitect.com\/es\/proyectos\/\" \/>\n<meta property=\"og:locale\" content=\"es_ES\" \/>\n<meta property=\"og:type\" content=\"article\" \/>\n<meta property=\"og:title\" content=\"Nuestros Proyectos de Villas | The Villas Architect\" \/>\n<meta property=\"og:description\" content=\"Explora nuestros proyectos de villas exclusivas. Dise\u00f1os que combinan elegancia, innovaci\u00f3n y la mejor atenci\u00f3n al detalle.\" \/>\n<meta property=\"og:url\" content=\"https:\/\/thevillasarchitect.com\/es\/proyectos\/\" \/>\n<meta property=\"og:site_name\" content=\"Villas\" \/>\n<meta property=\"article:modified_time\" content=\"2025-01-02T14:27:43+00:00\" \/>\n<meta property=\"og:image\" content=\"https:\/\/thevillasarchitect.com\/wp-content\/uploads\/2024\/12\/the-villas-architects-marbella.jpg\" \/>\n\t<meta property=\"og:image:width\" content=\"500\" \/>\n\t<meta property=\"og:image:height\" content=\"500\" \/>\n\t<meta property=\"og:image:type\" content=\"image\/jpeg\" \/>\n<meta name=\"twitter:card\" content=\"summary_large_image\" \/>\n<meta name=\"twitter:label1\" content=\"Tiempo de lectura\" \/>\n\t<meta name=\"twitter:data1\" content=\"3 minutos\" \/>\n<script type=\"application\/ld+json\" class=\"yoast-schema-graph\">{\"@context\":\"https:\\\/\\\/schema.org\",\"@graph\":[{\"@type\":\"WebPage\",\"@id\":\"https:\\\/\\\/thevillasarchitect.com\\\/es\\\/proyectos\\\/\",\"url\":\"https:\\\/\\\/thevillasarchitect.com\\\/es\\\/proyectos\\\/\",\"name\":\"Nuestros Proyectos de Villas | The Villas Architect\",\"isPartOf\":{\"@id\":\"https:\\\/\\\/thevillasarchitect.com\\\/es\\\/#website\"},\"primaryImageOfPage\":{\"@id\":\"https:\\\/\\\/thevillasarchitect.com\\\/es\\\/proyectos\\\/#primaryimage\"},\"image\":{\"@id\":\"https:\\\/\\\/thevillasarchitect.com\\\/es\\\/proyectos\\\/#primaryimage\"},\"thumbnailUrl\":\"https:\\\/\\\/thevillasarchitect.com\\\/wp-content\\\/uploads\\\/2024\\\/12\\\/the-villas-architects-marbella.jpg\",\"datePublished\":\"2024-12-05T17:35:36+00:00\",\"dateModified\":\"2025-01-02T14:27:43+00:00\",\"description\":\"Explora nuestros proyectos de villas exclusivas. Dise\u00f1os que combinan elegancia, innovaci\u00f3n y la mejor atenci\u00f3n al detalle.\",\"breadcrumb\":{\"@id\":\"https:\\\/\\\/thevillasarchitect.com\\\/es\\\/proyectos\\\/#breadcrumb\"},\"inLanguage\":\"es\",\"potentialAction\":[{\"@type\":\"ReadAction\",\"target\":[\"https:\\\/\\\/thevillasarchitect.com\\\/es\\\/proyectos\\\/\"]}]},{\"@type\":\"ImageObject\",\"inLanguage\":\"es\",\"@id\":\"https:\\\/\\\/thevillasarchitect.com\\\/es\\\/proyectos\\\/#primaryimage\",\"url\":\"https:\\\/\\\/thevillasarchitect.com\\\/wp-content\\\/uploads\\\/2024\\\/12\\\/the-villas-architects-marbella.jpg\",\"contentUrl\":\"https:\\\/\\\/thevillasarchitect.com\\\/wp-content\\\/uploads\\\/2024\\\/12\\\/the-villas-architects-marbella.jpg\",\"width\":500,\"height\":500,\"caption\":\"arquitectos en marbella para villas de lujo\"},{\"@type\":\"BreadcrumbList\",\"@id\":\"https:\\\/\\\/thevillasarchitect.com\\\/es\\\/proyectos\\\/#breadcrumb\",\"itemListElement\":[{\"@type\":\"ListItem\",\"position\":1,\"name\":\"Portada\",\"item\":\"https:\\\/\\\/thevillasarchitect.com\\\/es\\\/\"},{\"@type\":\"ListItem\",\"position\":2,\"name\":\"Proyectos\"}]},{\"@type\":\"WebSite\",\"@id\":\"https:\\\/\\\/thevillasarchitect.com\\\/es\\\/#website\",\"url\":\"https:\\\/\\\/thevillasarchitect.com\\\/es\\\/\",\"name\":\"The Villas Architect\",\"description\":\"The Villas Architect - Arquitecto en la Costa del Sol\",\"publisher\":{\"@id\":\"https:\\\/\\\/thevillasarchitect.com\\\/es\\\/#organization\"},\"alternateName\":\"The Villas Architect\",\"potentialAction\":[{\"@type\":\"SearchAction\",\"target\":{\"@type\":\"EntryPoint\",\"urlTemplate\":\"https:\\\/\\\/thevillasarchitect.com\\\/es\\\/?s={search_term_string}\"},\"query-input\":{\"@type\":\"PropertyValueSpecification\",\"valueRequired\":true,\"valueName\":\"search_term_string\"}}],\"inLanguage\":\"es\"},{\"@type\":\"Organization\",\"@id\":\"https:\\\/\\\/thevillasarchitect.com\\\/es\\\/#organization\",\"name\":\"The Villas Architect\",\"alternateName\":\"The Villas Architect - Arquitecto en la Costa del Sol\",\"url\":\"https:\\\/\\\/thevillasarchitect.com\\\/es\\\/\",\"logo\":{\"@type\":\"ImageObject\",\"inLanguage\":\"es\",\"@id\":\"https:\\\/\\\/thevillasarchitect.com\\\/es\\\/#\\\/schema\\\/logo\\\/image\\\/\",\"url\":\"https:\\\/\\\/thevillasarchitect.com\\\/wp-content\\\/uploads\\\/2024\\\/11\\\/villas-arhictect-malaga.webp\",\"contentUrl\":\"https:\\\/\\\/thevillasarchitect.com\\\/wp-content\\\/uploads\\\/2024\\\/11\\\/villas-arhictect-malaga.webp\",\"width\":1000,\"height\":185,\"caption\":\"The Villas Architect\"},\"image\":{\"@id\":\"https:\\\/\\\/thevillasarchitect.com\\\/es\\\/#\\\/schema\\\/logo\\\/image\\\/\"}}]}<\/script>\n<!-- \/ Yoast SEO plugin. -->","yoast_head_json":{"title":"Nuestros Proyectos de Villas | The Villas Architect","description":"Explora nuestros proyectos de villas exclusivas. Dise\u00f1os que combinan elegancia, innovaci\u00f3n y la mejor atenci\u00f3n al detalle.","robots":{"index":"index","follow":"follow","max-snippet":"max-snippet:-1","max-image-preview":"max-image-preview:large","max-video-preview":"max-video-preview:-1"},"canonical":"https:\/\/thevillasarchitect.com\/es\/proyectos\/","og_locale":"es_ES","og_type":"article","og_title":"Nuestros Proyectos de Villas | The Villas Architect","og_description":"Explora nuestros proyectos de villas exclusivas. Dise\u00f1os que combinan elegancia, innovaci\u00f3n y la mejor atenci\u00f3n al detalle.","og_url":"https:\/\/thevillasarchitect.com\/es\/proyectos\/","og_site_name":"Villas","article_modified_time":"2025-01-02T14:27:43+00:00","og_image":[{"width":500,"height":500,"url":"https:\/\/thevillasarchitect.com\/wp-content\/uploads\/2024\/12\/the-villas-architects-marbella.jpg","type":"image\/jpeg"}],"twitter_card":"summary_large_image","twitter_misc":{"Tiempo de lectura":"3 minutos"},"schema":{"@context":"https:\/\/schema.org","@graph":[{"@type":"WebPage","@id":"https:\/\/thevillasarchitect.com\/es\/proyectos\/","url":"https:\/\/thevillasarchitect.com\/es\/proyectos\/","name":"Nuestros Proyectos de Villas | The Villas Architect","isPartOf":{"@id":"https:\/\/thevillasarchitect.com\/es\/#website"},"primaryImageOfPage":{"@id":"https:\/\/thevillasarchitect.com\/es\/proyectos\/#primaryimage"},"image":{"@id":"https:\/\/thevillasarchitect.com\/es\/proyectos\/#primaryimage"},"thumbnailUrl":"https:\/\/thevillasarchitect.com\/wp-content\/uploads\/2024\/12\/the-villas-architects-marbella.jpg","datePublished":"2024-12-05T17:35:36+00:00","dateModified":"2025-01-02T14:27:43+00:00","description":"Explora nuestros proyectos de villas exclusivas. Dise\u00f1os que combinan elegancia, innovaci\u00f3n y la mejor atenci\u00f3n al detalle.","breadcrumb":{"@id":"https:\/\/thevillasarchitect.com\/es\/proyectos\/#breadcrumb"},"inLanguage":"es","potentialAction":[{"@type":"ReadAction","target":["https:\/\/thevillasarchitect.com\/es\/proyectos\/"]}]},{"@type":"ImageObject","inLanguage":"es","@id":"https:\/\/thevillasarchitect.com\/es\/proyectos\/#primaryimage","url":"https:\/\/thevillasarchitect.com\/wp-content\/uploads\/2024\/12\/the-villas-architects-marbella.jpg","contentUrl":"https:\/\/thevillasarchitect.com\/wp-content\/uploads\/2024\/12\/the-villas-architects-marbella.jpg","width":500,"height":500,"caption":"arquitectos en marbella para villas de lujo"},{"@type":"BreadcrumbList","@id":"https:\/\/thevillasarchitect.com\/es\/proyectos\/#breadcrumb","itemListElement":[{"@type":"ListItem","position":1,"name":"Portada","item":"https:\/\/thevillasarchitect.com\/es\/"},{"@type":"ListItem","position":2,"name":"Proyectos"}]},{"@type":"WebSite","@id":"https:\/\/thevillasarchitect.com\/es\/#website","url":"https:\/\/thevillasarchitect.com\/es\/","name":"The Villas Architect","description":"The Villas Architect - Arquitecto en la Costa del Sol","publisher":{"@id":"https:\/\/thevillasarchitect.com\/es\/#organization"},"alternateName":"The Villas Architect","potentialAction":[{"@type":"SearchAction","target":{"@type":"EntryPoint","urlTemplate":"https:\/\/thevillasarchitect.com\/es\/?s={search_term_string}"},"query-input":{"@type":"PropertyValueSpecification","valueRequired":true,"valueName":"search_term_string"}}],"inLanguage":"es"},{"@type":"Organization","@id":"https:\/\/thevillasarchitect.com\/es\/#organization","name":"The Villas Architect","alternateName":"The Villas Architect - Arquitecto en la Costa del Sol","url":"https:\/\/thevillasarchitect.com\/es\/","logo":{"@type":"ImageObject","inLanguage":"es","@id":"https:\/\/thevillasarchitect.com\/es\/#\/schema\/logo\/image\/","url":"https:\/\/thevillasarchitect.com\/wp-content\/uploads\/2024\/11\/villas-arhictect-malaga.webp","contentUrl":"https:\/\/thevillasarchitect.com\/wp-content\/uploads\/2024\/11\/villas-arhictect-malaga.webp","width":1000,"height":185,"caption":"The Villas Architect"},"image":{"@id":"https:\/\/thevillasarchitect.com\/es\/#\/schema\/logo\/image\/"}}]}},"_links":{"self":[{"href":"https:\/\/thevillasarchitect.com\/es\/wp-json\/wp\/v2\/pages\/371","targetHints":{"allow":["GET"]}}],"collection":[{"href":"https:\/\/thevillasarchitect.com\/es\/wp-json\/wp\/v2\/pages"}],"about":[{"href":"https:\/\/thevillasarchitect.com\/es\/wp-json\/wp\/v2\/types\/page"}],"author":[{"embeddable":true,"href":"https:\/\/thevillasarchitect.com\/es\/wp-json\/wp\/v2\/users\/1"}],"replies":[{"embeddable":true,"href":"https:\/\/thevillasarchitect.com\/es\/wp-json\/wp\/v2\/comments?post=371"}],"version-history":[{"count":28,"href":"https:\/\/thevillasarchitect.com\/es\/wp-json\/wp\/v2\/pages\/371\/revisions"}],"predecessor-version":[{"id":1071,"href":"https:\/\/thevillasarchitect.com\/es\/wp-json\/wp\/v2\/pages\/371\/revisions\/1071"}],"wp:featuredmedia":[{"embeddable":true,"href":"https:\/\/thevillasarchitect.com\/es\/wp-json\/wp\/v2\/media\/668"}],"wp:attachment":[{"href":"https:\/\/thevillasarchitect.com\/es\/wp-json\/wp\/v2\/media?parent=371"}],"curies":[{"name":"wp","href":"https:\/\/api.w.org\/{rel}","templated":true}]}}