{"id":611,"date":"2024-12-11T14:42:24","date_gmt":"2024-12-11T13:42:24","guid":{"rendered":"https:\/\/thevillasarchitect.com\/?page_id=611"},"modified":"2026-03-09T15:15:06","modified_gmt":"2026-03-09T14:15:06","slug":"politica-de-privacidad","status":"publish","type":"page","link":"https:\/\/thevillasarchitect.com\/es\/politica-de-privacidad\/","title":{"rendered":"Pol\u00edtica de Privacidad"},"content":{"rendered":"\t\t<div data-elementor-type=\"wp-page\" data-elementor-id=\"611\" class=\"elementor elementor-611\" data-elementor-post-type=\"page\">\n\t\t\t\t<div class=\"elementor-element elementor-element-53e7d30 e-flex e-con-boxed e-con e-parent\" data-id=\"53e7d30\" data-element_type=\"container\" data-e-type=\"container\" data-settings=\"{&quot;background_background&quot;:&quot;classic&quot;}\">\n\t\t\t\t\t<div class=\"e-con-inner\">\n\t\t\t\t<div class=\"elementor-element elementor-element-bc300ac de_scroll_animation_no elementor-widget elementor-widget-text-editor\" data-id=\"bc300ac\" data-element_type=\"widget\" data-e-type=\"widget\" data-widget_type=\"text-editor.default\">\n\t\t\t\t<div class=\"elementor-widget-container\">\n\t\t\t\t\t\t\t\t\t<h1><strong><u>POL\u00cdTICA DE PRIVACIDAD<\/u><\/strong><\/h1><p>\u00a0<\/p><ul><li><strong>Responsable de Tratamiento: <\/strong>ARQUIGRAF PROYECTOS, S.L.P.<\/li><li><strong>I.F.:<\/strong> B-92230101<\/li><li><strong>Datos de contacto:<\/strong> Andaluc\u00eda n\u00ba 42, 29680, Estepona (M\u00e1laga)<\/li><li><strong>Email de contacto: <\/strong><a href=\"mailto:jmgarrido@agfproyectos.com\">jmgarrido@agfproyectos.com<\/a><\/li><\/ul><ul><li><strong>Finalidad: <\/strong>los fines propios que, conforme a la legislaci\u00f3n espec\u00edfica, ofrece una entidad que presta servicios de arquitectura y urbanismo.<\/li><li><strong>Legitimaci\u00f3n: <\/strong>consentimiento expreso del interesado prestado a trav\u00e9s de la casilla habilitada al efecto y ejecuci\u00f3n de un contrato en el que el interesado es parte o para la aplicaci\u00f3n a petici\u00f3n de este de medidas precontractuales.<\/li><li><strong>Destinatarios: <\/strong>en principio, los datos no ser\u00e1n compartidos con terceros, salvo por obligaci\u00f3n legal.<\/li><li><strong>Derechos: <\/strong>acceso, rectificaci\u00f3n, supresi\u00f3n, oposici\u00f3n, portabilidad y limitaci\u00f3n del tratamiento, adem\u00e1s de no ser objeto de una decisi\u00f3n basada \u00fanicamente en el tratamiento automatizado, incluida la elaboraci\u00f3n de perfiles. Retirar el consentimiento.<\/li><li><strong>Informaci\u00f3n adicional: <\/strong>puede consultar la informaci\u00f3n adicional y detallada sobre Protecci\u00f3n de Datos a continuaci\u00f3n o bien solicit\u00e1ndola al email: <a href=\"mailto:jmgarrido@agfproyectos.com\">jmgarrido@agfproyectos.com<\/a>.<\/li><\/ul><p><strong>\u00a0<\/strong>Conforme al Reglamento 2016\/679, de 27 de abril, de Protecci\u00f3n de Datos de Car\u00e1cter \u00a0\u00a0\u00a0\u00a0\u00a0\u00a0\u00a0 Personal y Ley Org\u00e1nica 3\/2018, de 5 de diciembre, de Protecci\u00f3n de Datos Personales \u00a0\u00a0\u00a0\u00a0\u00a0\u00a0\u00a0 y Garant\u00eda de los Derechos Digitales, ARQUIGRAF PROYECTOS, S.L.P., en adelante, AGF \u00a0\u00a0\u00a0\u00a0\u00a0\u00a0\u00a0 PROYECTOS, pone a disposici\u00f3n del interesado informaci\u00f3n adicional referente al \u00a0\u00a0\u00a0\u00a0\u00a0\u00a0\u00a0 tratamiento de datos de car\u00e1cter personal.<\/p><ol><li><strong>DATOS PERSONALES.<\/strong><\/li><\/ol><p>El acceso a este sitio web es libre y gratuito. La cumplimentaci\u00f3n de datos personales ser\u00e1 tratada con la m\u00e1xima confidencialidad. Los datos proporcionados por el usuario ser\u00e1n incluidos en nuestros registros de tratamiento automatizados de datos de car\u00e1cter personal y tratados conforme a al Reglamento 2016\/679, de 27 de abril, de Protecci\u00f3n de Datos de Car\u00e1cter Personal, y Ley Org\u00e1nica 3\/2018, de 5 de diciembre, de Protecci\u00f3n de Datos Personales y garant\u00eda de los derechos digitales.<\/p><ol start=\"2\"><li><strong>FINALIDAD DE LOS DATOS.<\/strong><\/li><\/ol><p>De conformidad con la normativa de protecci\u00f3n de datos, los datos recogidos en AGF PROYECTOS solo ser\u00e1n recogidos, tratados y utilizados para fines l\u00edcitos y leg\u00edtimos, sobre los cuales informamos.<\/p><p>La recogida de estos datos personales tiene por finalidad, en funci\u00f3n de cada actividad de tratamiento, lo siguiente:<\/p><ul><li>Formulario de contacto: responder a las consultas y\/o proporcionar informaci\u00f3n de los servicios que presta la entidad.<\/li><\/ul><ol start=\"3\"><li><strong>LEGITIMACI\u00d3N DEL TRATAMIENTO.<\/strong><\/li><\/ol><p>La base jur\u00eddica para el tratamiento de los datos es el consentimiento expreso prestado a trav\u00e9s de las casillas habilitadas al efecto y ejecuci\u00f3n de un contrato en el que el interesado es parte o para la aplicaci\u00f3n a petici\u00f3n de este de medidas precontractuales.<\/p><ol start=\"4\"><li><strong>MEDIDAS DE SEGURIDAD.<\/strong><\/li><\/ol><p>AGF PROYECTOS se compromete a cumplir con el deber de secreto de tales datos, as\u00ed como a tratarlos con confidencialidad, asumiendo las medidas necesarias para evitar su alteraci\u00f3n, p\u00e9rdida, tratamiento o acceso no autorizado, tal y como se recoge en el Reglamento (UE) 2016\/679 del Parlamento Europeo y del Consejo, de 27 de abril de 2016, relativo a la protecci\u00f3n de las personas f\u00edsicas en lo que respecta al tratamiento de datos personales y a la libre circulaci\u00f3n de estos datos y en la Ley Org\u00e1nica 3\/2018, de 5 de diciembre, de Protecci\u00f3n de Datos Personales y Garant\u00eda de los Derechos Digitales<\/p><ol start=\"5\"><li><strong>PLAZO DE CONSERVACI\u00d3N DE LOS DATOS.<\/strong><\/li><\/ol><p>El tratamiento de los datos se mantendr\u00e1 durante el tiempo necesario para cumplir con las obligaciones contractuales y legales, o mientras no se ejerza el derecho a la supresi\u00f3n y\/o limitaci\u00f3n del tratamiento de sus datos.<\/p><ol start=\"6\"><li><strong>EJERCICIO DE DERECHOS<\/strong>.<\/li><\/ol><p>En virtud de lo que estable el RGPD (UE) 2016\/679 puede ejercer los derechos de acceso, rectificaci\u00f3n, supresi\u00f3n, limitaci\u00f3n, portabilidad y oposici\u00f3n ante la entidad, e incluso, si lo considera necesario, ante una Autoridad de Control (en su caso, la Agencia Espa\u00f1ola de Protecci\u00f3n de Datos, como Autoridad Principal):<\/p><ul><li>Derecho de acceso (art. 15 RGPD): \u201cEl interesado tendr\u00e1 derecho a obtener del responsable del tratamiento confirmaci\u00f3n de si se est\u00e1n tratando o no datos personales que le conciernen (\u2026)\u201d.<\/li><\/ul><ul><li>Derecho de rectificaci\u00f3n (art. 16 RGPD): \u201cEl interesado tendr\u00e1 derecho a obtener sin dilaci\u00f3n indebida del responsable del tratamiento la rectificaci\u00f3n de los datos personales inexactos que le conciernan. Teniendo en cuenta los fines del tratamiento, el interesado tendr\u00e1 derecho a que se completen los datos personales que sean incompletos, inclusive mediante una declaraci\u00f3n adicional\u201d.<\/li><\/ul><ul><li>Derecho de supresi\u00f3n o \u00abel derecho al olvido\u00bb (art. 17 RGPD): \u201cEl interesado tendr\u00e1 derecho a obtener sin dilaci\u00f3n indebida del responsable del tratamiento la supresi\u00f3n de los datos personales que le conciernan (\u2026)\u201d.<\/li><\/ul><ul><li>Derecho a la limitaci\u00f3n del tratamiento (art. 18 RGPD): \u201cEl interesado tendr\u00e1 derecho a obtener del responsable del tratamiento la limitaci\u00f3n del tratamiento de los datos (\u2026)\u201d.<\/li><\/ul><ul><li>Derecho a la portabilidad (art. 20 RGPD): \u201cEl interesado tendr\u00e1 derecho a recibir los datos personales que le incumban, que haya facilitado a un responsable del tratamiento, en un formato estructurado, de uso com\u00fan y lectura mec\u00e1nica, y a transmitirlos a otro responsable del tratamiento sin que lo impida el responsable al que se los hubiera facilitado (\u2026)\u201d.<\/li><\/ul><ul><li>Derecho de oposici\u00f3n (art. 21 RGPD): \u201cEl interesado tendr\u00e1 derecho a oponerse en cualquier momento, por motivos relacionados con su situaci\u00f3n particular, a que datos personales que le conciernan sean objeto de un tratamiento (\u2026)\u201d.<\/li><\/ul><p>Los derechos reconocidos al interesado descritos anteriormente podr\u00e1n ejercerse directamente por parte del interesado o por medio de representante legal o voluntario.<\/p><p>En el caso de querer ejercer los derechos ante la Autoridad de Control en Espa\u00f1a, el Responsable pone a disposici\u00f3n el enlace web de la Agencia Espa\u00f1ola de Protecci\u00f3n de Datos:<\/p><p><a href=\"https:\/\/www.aepd.es\/es\/derechos-y-deberes\/conoce-tus-derechos\">https:\/\/www.aepd.es\/es\/derechos-y-deberes\/conoce-tus-derechos<\/a><\/p><ol start=\"7\"><li><strong>NORMATIVA APLICABLE.<\/strong><\/li><\/ol><p>La normativa b\u00e1sica a tener en cuenta por los prestadores de servicios a trav\u00e9s de p\u00e1ginas web es la siguiente:<\/p><ul><li>Reglamento (UE) 2016\/679 del Parlamento Europeo y del Consejo de 27 de abril de 2016 relativo a la protecci\u00f3n de las personas f\u00edsicas en lo que respecta al tratamiento de datos personales y a la libre circulaci\u00f3n de estos datos y por el que se deroga la Directiva 95\/46\/CE (Reglamento general de protecci\u00f3n de datos).<\/li><\/ul><ul><li>Ley Org\u00e1nica de Protecci\u00f3n de Datos Personales y Garant\u00eda de los Derechos Digitales (LOPDGDD) adapta el derecho espa\u00f1ol al modelo establecido por el Reglamento General de Protecci\u00f3n de Datos (RGPD), introduce novedades mediante el desarrollo de materias contenidas en el mismo.<\/li><\/ul><ol start=\"8\"><li><strong>PLATAFORMA RESOLUCI\u00d3N DE CONFLICTOS.<\/strong><\/li><\/ol><p>Conforme al art. 14.1. del Reglamento (UE) 524\/213 del Parlamento Europeo y del Consejo, de 21 de mayo de 2013, sobre resoluci\u00f3n de litigios en l\u00ednea en materia de consumo y por el que se modifica el Reglamento (CE) 2006\/2004 y la Directiva 2009\/22\/CE (Reglamento sobre resoluci\u00f3n de litigios en l\u00ednea en materia de consumo), el sitio web pone a disposici\u00f3n de los consumidores, en caso de que fuera necesario, la plataforma de resoluci\u00f3n de litigios en l\u00ednea.<\/p><p><a href=\"http:\/\/ec.europa.eu\/consumers\/odr\/\">http:\/\/ec.europa.eu\/consumers\/odr\/<\/a><\/p><ol start=\"9\"><li><strong>LEY APLICABLE Y JURISDICCI\u00d3N.<\/strong><\/li><\/ol><p>La ley de aplicaci\u00f3n en caso de disputa o conflicto de interpretaci\u00f3n de los t\u00e9rminos que conforman esta pol\u00edtica de privacidad y aviso legal, as\u00ed como cualquier cuesti\u00f3n relacionada con los servicios de la presente web ser\u00e1 la espa\u00f1ola.<\/p><ol start=\"10\"><li><strong>MODIFICACIONES EN LA POL\u00cdTICA DE PRIVACIDAD.<\/strong><\/li><\/ol><p>AGF PROYECTOS se reserva el derecho de modificar su pol\u00edtica de protecci\u00f3n de datos de acuerdo con su criterio, o a causa de un cambio legislativo, jurisprudencia o en la pr\u00e1ctica empresarial. Si AGF PROYECTOS introduce una modificaci\u00f3n, el nuevo texto ser\u00e1 publicado en este sitio web, donde el usuario podr\u00e1 tener conocimientos de la pol\u00edtica de protecci\u00f3n de datos. En cualquier caso, la relaci\u00f3n con los usuarios se regir\u00e1 por las normas previstas en el momento preciso en el que se accede al Sitio Web.<\/p><ol start=\"11\"><li><strong>DUDAS SOBRE POL\u00cdTICA DE PRIVACIDAD<\/strong><\/li><\/ol><p>Si tiene alguna duda o cuesti\u00f3n sobre nuestra Pol\u00edtica de Privacidad o quiere ejercitar alg\u00fan derecho o acci\u00f3n relativa a sus datos personales, por favor, p\u00f3ngase en contacto a trav\u00e9s de la siguiente direcci\u00f3n de correo electr\u00f3nico: <a href=\"mailto:jmgarrido@agfproyectos.com\">jmgarrido@agfproyectos.com<\/a>.<\/p>\t\t\t\t\t\t\t\t<\/div>\n\t\t\t\t<\/div>\n\t\t\t\t\t<\/div>\n\t\t\t\t<\/div>\n\t\t\t\t<\/div>\n\t\t","protected":false},"excerpt":{"rendered":"<p>POL\u00cdTICA DE PRIVACIDAD \u00a0 Responsable de Tratamiento: ARQUIGRAF PROYECTOS, S.L.P. I.F.: B-92230101 Datos de contacto: Andaluc\u00eda n\u00ba 42, 29680, Estepona (M\u00e1laga) Email de contacto: jmgarrido@agfproyectos.com Finalidad: los fines propios que, conforme a la legislaci\u00f3n espec\u00edfica, ofrece una entidad que presta servicios de arquitectura y urbanismo. Legitimaci\u00f3n: consentimiento expreso del interesado prestado a trav\u00e9s de la &#8230; <a title=\"Pol\u00edtica de Privacidad\" class=\"read-more\" href=\"https:\/\/thevillasarchitect.com\/es\/politica-de-privacidad\/\" aria-label=\"Leer m\u00e1s sobre Pol\u00edtica de Privacidad\">Leer m\u00e1s<\/a><\/p>\n","protected":false},"author":1,"featured_media":0,"parent":0,"menu_order":0,"comment_status":"closed","ping_status":"closed","template":"elementor_header_footer","meta":{"footnotes":""},"class_list":["post-611","page","type-page","status-publish"],"yoast_head":"<!-- This site is optimized with the Yoast SEO plugin v27.5 - https:\/\/yoast.com\/product\/yoast-seo-wordpress\/ -->\n<title>Pol\u00edtica de Privacidad | Villas<\/title>\n<meta name=\"robots\" content=\"index, follow, max-snippet:-1, max-image-preview:large, max-video-preview:-1\" \/>\n<link rel=\"canonical\" href=\"https:\/\/thevillasarchitect.com\/es\/politica-de-privacidad\/\" \/>\n<meta property=\"og:locale\" content=\"es_ES\" \/>\n<meta property=\"og:type\" content=\"article\" \/>\n<meta property=\"og:title\" content=\"Pol\u00edtica de Privacidad | Villas\" \/>\n<meta property=\"og:description\" content=\"POL\u00cdTICA DE PRIVACIDAD \u00a0 Responsable de Tratamiento: ARQUIGRAF PROYECTOS, S.L.P. I.F.: B-92230101 Datos de contacto: Andaluc\u00eda n\u00ba 42, 29680, Estepona (M\u00e1laga) Email de contacto: jmgarrido@agfproyectos.com Finalidad: los fines propios que, conforme a la legislaci\u00f3n espec\u00edfica, ofrece una entidad que presta servicios de arquitectura y urbanismo. Legitimaci\u00f3n: consentimiento expreso del interesado prestado a trav\u00e9s de la ... Leer m\u00e1s\" \/>\n<meta property=\"og:url\" content=\"https:\/\/thevillasarchitect.com\/es\/politica-de-privacidad\/\" \/>\n<meta property=\"og:site_name\" content=\"Villas\" \/>\n<meta property=\"article:modified_time\" content=\"2026-03-09T14:15:06+00:00\" \/>\n<meta property=\"og:image\" content=\"https:\/\/thevillasarchitect.com\/wp-content\/uploads\/2024\/12\/villa-torrejon-arquitecto-sotogrande.jpg\" \/>\n\t<meta property=\"og:image:width\" content=\"1024\" \/>\n\t<meta property=\"og:image:height\" content=\"641\" \/>\n\t<meta property=\"og:image:type\" content=\"image\/jpeg\" \/>\n<meta name=\"twitter:card\" content=\"summary_large_image\" \/>\n<meta name=\"twitter:label1\" content=\"Tiempo de lectura\" \/>\n\t<meta name=\"twitter:data1\" content=\"6 minutos\" \/>\n<script type=\"application\/ld+json\" class=\"yoast-schema-graph\">{\"@context\":\"https:\\\/\\\/schema.org\",\"@graph\":[{\"@type\":\"WebPage\",\"@id\":\"https:\\\/\\\/thevillasarchitect.com\\\/es\\\/politica-de-privacidad\\\/\",\"url\":\"https:\\\/\\\/thevillasarchitect.com\\\/es\\\/politica-de-privacidad\\\/\",\"name\":\"Pol\u00edtica de Privacidad | Villas\",\"isPartOf\":{\"@id\":\"https:\\\/\\\/thevillasarchitect.com\\\/es\\\/#website\"},\"datePublished\":\"2024-12-11T13:42:24+00:00\",\"dateModified\":\"2026-03-09T14:15:06+00:00\",\"breadcrumb\":{\"@id\":\"https:\\\/\\\/thevillasarchitect.com\\\/es\\\/politica-de-privacidad\\\/#breadcrumb\"},\"inLanguage\":\"es\",\"potentialAction\":[{\"@type\":\"ReadAction\",\"target\":[\"https:\\\/\\\/thevillasarchitect.com\\\/es\\\/politica-de-privacidad\\\/\"]}]},{\"@type\":\"BreadcrumbList\",\"@id\":\"https:\\\/\\\/thevillasarchitect.com\\\/es\\\/politica-de-privacidad\\\/#breadcrumb\",\"itemListElement\":[{\"@type\":\"ListItem\",\"position\":1,\"name\":\"Portada\",\"item\":\"https:\\\/\\\/thevillasarchitect.com\\\/es\\\/\"},{\"@type\":\"ListItem\",\"position\":2,\"name\":\"Pol\u00edtica de Privacidad\"}]},{\"@type\":\"WebSite\",\"@id\":\"https:\\\/\\\/thevillasarchitect.com\\\/es\\\/#website\",\"url\":\"https:\\\/\\\/thevillasarchitect.com\\\/es\\\/\",\"name\":\"The Villas Architect\",\"description\":\"The Villas Architect - Arquitecto en la Costa del Sol\",\"publisher\":{\"@id\":\"https:\\\/\\\/thevillasarchitect.com\\\/es\\\/#organization\"},\"alternateName\":\"The Villas Architect\",\"potentialAction\":[{\"@type\":\"SearchAction\",\"target\":{\"@type\":\"EntryPoint\",\"urlTemplate\":\"https:\\\/\\\/thevillasarchitect.com\\\/es\\\/?s={search_term_string}\"},\"query-input\":{\"@type\":\"PropertyValueSpecification\",\"valueRequired\":true,\"valueName\":\"search_term_string\"}}],\"inLanguage\":\"es\"},{\"@type\":\"Organization\",\"@id\":\"https:\\\/\\\/thevillasarchitect.com\\\/es\\\/#organization\",\"name\":\"The Villas Architect\",\"alternateName\":\"The Villas Architect - Arquitecto en la Costa del Sol\",\"url\":\"https:\\\/\\\/thevillasarchitect.com\\\/es\\\/\",\"logo\":{\"@type\":\"ImageObject\",\"inLanguage\":\"es\",\"@id\":\"https:\\\/\\\/thevillasarchitect.com\\\/es\\\/#\\\/schema\\\/logo\\\/image\\\/\",\"url\":\"https:\\\/\\\/thevillasarchitect.com\\\/wp-content\\\/uploads\\\/2024\\\/11\\\/villas-arhictect-malaga.webp\",\"contentUrl\":\"https:\\\/\\\/thevillasarchitect.com\\\/wp-content\\\/uploads\\\/2024\\\/11\\\/villas-arhictect-malaga.webp\",\"width\":1000,\"height\":185,\"caption\":\"The Villas Architect\"},\"image\":{\"@id\":\"https:\\\/\\\/thevillasarchitect.com\\\/es\\\/#\\\/schema\\\/logo\\\/image\\\/\"}}]}<\/script>\n<!-- \/ Yoast SEO plugin. -->","yoast_head_json":{"title":"Pol\u00edtica de Privacidad | Villas","robots":{"index":"index","follow":"follow","max-snippet":"max-snippet:-1","max-image-preview":"max-image-preview:large","max-video-preview":"max-video-preview:-1"},"canonical":"https:\/\/thevillasarchitect.com\/es\/politica-de-privacidad\/","og_locale":"es_ES","og_type":"article","og_title":"Pol\u00edtica de Privacidad | Villas","og_description":"POL\u00cdTICA DE PRIVACIDAD \u00a0 Responsable de Tratamiento: ARQUIGRAF PROYECTOS, S.L.P. I.F.: B-92230101 Datos de contacto: Andaluc\u00eda n\u00ba 42, 29680, Estepona (M\u00e1laga) Email de contacto: jmgarrido@agfproyectos.com Finalidad: los fines propios que, conforme a la legislaci\u00f3n espec\u00edfica, ofrece una entidad que presta servicios de arquitectura y urbanismo. Legitimaci\u00f3n: consentimiento expreso del interesado prestado a trav\u00e9s de la ... Leer m\u00e1s","og_url":"https:\/\/thevillasarchitect.com\/es\/politica-de-privacidad\/","og_site_name":"Villas","article_modified_time":"2026-03-09T14:15:06+00:00","og_image":[{"width":1024,"height":641,"url":"https:\/\/thevillasarchitect.com\/wp-content\/uploads\/2024\/12\/villa-torrejon-arquitecto-sotogrande.jpg","type":"image\/jpeg"}],"twitter_card":"summary_large_image","twitter_misc":{"Tiempo de lectura":"6 minutos"},"schema":{"@context":"https:\/\/schema.org","@graph":[{"@type":"WebPage","@id":"https:\/\/thevillasarchitect.com\/es\/politica-de-privacidad\/","url":"https:\/\/thevillasarchitect.com\/es\/politica-de-privacidad\/","name":"Pol\u00edtica de Privacidad | Villas","isPartOf":{"@id":"https:\/\/thevillasarchitect.com\/es\/#website"},"datePublished":"2024-12-11T13:42:24+00:00","dateModified":"2026-03-09T14:15:06+00:00","breadcrumb":{"@id":"https:\/\/thevillasarchitect.com\/es\/politica-de-privacidad\/#breadcrumb"},"inLanguage":"es","potentialAction":[{"@type":"ReadAction","target":["https:\/\/thevillasarchitect.com\/es\/politica-de-privacidad\/"]}]},{"@type":"BreadcrumbList","@id":"https:\/\/thevillasarchitect.com\/es\/politica-de-privacidad\/#breadcrumb","itemListElement":[{"@type":"ListItem","position":1,"name":"Portada","item":"https:\/\/thevillasarchitect.com\/es\/"},{"@type":"ListItem","position":2,"name":"Pol\u00edtica de Privacidad"}]},{"@type":"WebSite","@id":"https:\/\/thevillasarchitect.com\/es\/#website","url":"https:\/\/thevillasarchitect.com\/es\/","name":"The Villas Architect","description":"The Villas Architect - Arquitecto en la Costa del Sol","publisher":{"@id":"https:\/\/thevillasarchitect.com\/es\/#organization"},"alternateName":"The Villas Architect","potentialAction":[{"@type":"SearchAction","target":{"@type":"EntryPoint","urlTemplate":"https:\/\/thevillasarchitect.com\/es\/?s={search_term_string}"},"query-input":{"@type":"PropertyValueSpecification","valueRequired":true,"valueName":"search_term_string"}}],"inLanguage":"es"},{"@type":"Organization","@id":"https:\/\/thevillasarchitect.com\/es\/#organization","name":"The Villas Architect","alternateName":"The Villas Architect - Arquitecto en la Costa del Sol","url":"https:\/\/thevillasarchitect.com\/es\/","logo":{"@type":"ImageObject","inLanguage":"es","@id":"https:\/\/thevillasarchitect.com\/es\/#\/schema\/logo\/image\/","url":"https:\/\/thevillasarchitect.com\/wp-content\/uploads\/2024\/11\/villas-arhictect-malaga.webp","contentUrl":"https:\/\/thevillasarchitect.com\/wp-content\/uploads\/2024\/11\/villas-arhictect-malaga.webp","width":1000,"height":185,"caption":"The Villas Architect"},"image":{"@id":"https:\/\/thevillasarchitect.com\/es\/#\/schema\/logo\/image\/"}}]}},"_links":{"self":[{"href":"https:\/\/thevillasarchitect.com\/es\/wp-json\/wp\/v2\/pages\/611","targetHints":{"allow":["GET"]}}],"collection":[{"href":"https:\/\/thevillasarchitect.com\/es\/wp-json\/wp\/v2\/pages"}],"about":[{"href":"https:\/\/thevillasarchitect.com\/es\/wp-json\/wp\/v2\/types\/page"}],"author":[{"embeddable":true,"href":"https:\/\/thevillasarchitect.com\/es\/wp-json\/wp\/v2\/users\/1"}],"replies":[{"embeddable":true,"href":"https:\/\/thevillasarchitect.com\/es\/wp-json\/wp\/v2\/comments?post=611"}],"version-history":[{"count":7,"href":"https:\/\/thevillasarchitect.com\/es\/wp-json\/wp\/v2\/pages\/611\/revisions"}],"predecessor-version":[{"id":1578,"href":"https:\/\/thevillasarchitect.com\/es\/wp-json\/wp\/v2\/pages\/611\/revisions\/1578"}],"wp:attachment":[{"href":"https:\/\/thevillasarchitect.com\/es\/wp-json\/wp\/v2\/media?parent=611"}],"curies":[{"name":"wp","href":"https:\/\/api.w.org\/{rel}","templated":true}]}}